{"id":420,"date":"2025-06-13T06:21:39","date_gmt":"2025-06-13T06:21:39","guid":{"rendered":"https:\/\/betlabel.games\/tr\/?page_id=420"},"modified":"2025-10-21T09:13:43","modified_gmt":"2025-10-21T09:13:43","slug":"first-deposit","status":"publish","type":"page","link":"https:\/\/betlabel.games\/tr\/bonuses\/first-deposit\/","title":{"rendered":"\u0130lk Para Yat\u0131rma"},"content":{"rendered":"","protected":false},"excerpt":{"rendered":"","protected":false},"author":1,"featured_media":0,"parent":201,"menu_order":0,"comment_status":"closed","ping_status":"closed","template":"","meta":{"footnotes":""},"class_list":["post-420","page","type-page","status-publish","hentry"],"yoast_head":"<!-- This site is optimized with the Yoast SEO plugin v27.4 - https:\/\/yoast.com\/product\/yoast-seo-wordpress\/ -->\n<title>BetLabel&#039;da \u0130lk \u0130\u015fleminizde 0 Kazan\u0131n | 4200\u20ba&#039;ye Kadar<\/title>\n<meta name=\"description\" content=\"BetLabel&#039;de ilk para yat\u0131rma i\u015fleminizde 0 kazanma \u015fans\u0131n\u0131 ka\u00e7\u0131rmay\u0131n! Kaydolun ve spor bahisleri i\u00e7in 4200\u20ba kadar kazan\u0131n. Kolay, h\u0131zl\u0131 ve k\u00e2rl\u0131 - bonusunuz zaten sizi bekliyor!\" \/>\n<meta name=\"robots\" content=\"index, follow, max-snippet:-1, max-image-preview:large, max-video-preview:-1\" \/>\n<meta property=\"og:locale\" content=\"tr_TR\" \/>\n<meta property=\"og:type\" content=\"article\" \/>\n<meta property=\"og:title\" content=\"BetLabel&#039;da \u0130lk \u0130\u015fleminizde 0 Kazan\u0131n | 4200\u20ba&#039;ye Kadar\" \/>\n<meta property=\"og:description\" content=\"BetLabel&#039;de ilk para yat\u0131rma i\u015fleminizde 0 kazanma \u015fans\u0131n\u0131 ka\u00e7\u0131rmay\u0131n! Kaydolun ve spor bahisleri i\u00e7in 4200\u20ba kadar kazan\u0131n. Kolay, h\u0131zl\u0131 ve k\u00e2rl\u0131 - bonusunuz zaten sizi bekliyor!\" \/>\n<meta property=\"og:url\" content=\"https:\/\/betlabel.games\/tr\/bonuses\/first-deposit\/\" \/>\n<meta property=\"og:site_name\" content=\"BetLabel tr\" \/>\n<meta property=\"article:modified_time\" content=\"2025-10-21T09:13:43+00:00\" \/>\n<meta name=\"twitter:card\" content=\"summary_large_image\" \/>\n<script type=\"application\/ld+json\" class=\"yoast-schema-graph\">{\"@context\":\"https:\\\/\\\/schema.org\",\"@graph\":[{\"@type\":\"WebPage\",\"@id\":\"https:\\\/\\\/betlabel.games\\\/tr\\\/bonuses\\\/first-deposit\\\/\",\"url\":\"https:\\\/\\\/betlabel.games\\\/tr\\\/bonuses\\\/first-deposit\\\/\",\"name\":\"BetLabel'da \u0130lk \u0130\u015fleminizde 0 Kazan\u0131n | 4200\u20ba'ye Kadar\",\"isPartOf\":{\"@id\":\"https:\\\/\\\/betlabel.games\\\/tr\\\/#website\"},\"datePublished\":\"2025-06-13T06:21:39+00:00\",\"dateModified\":\"2025-10-21T09:13:43+00:00\",\"description\":\"BetLabel'de ilk para yat\u0131rma i\u015fleminizde 0 kazanma \u015fans\u0131n\u0131 ka\u00e7\u0131rmay\u0131n! Kaydolun ve spor bahisleri i\u00e7in 4200\u20ba kadar kazan\u0131n. Kolay, h\u0131zl\u0131 ve k\u00e2rl\u0131 - bonusunuz zaten sizi bekliyor!\",\"breadcrumb\":{\"@id\":\"https:\\\/\\\/betlabel.games\\\/tr\\\/bonuses\\\/first-deposit\\\/#breadcrumb\"},\"inLanguage\":\"tr\",\"potentialAction\":[{\"@type\":\"ReadAction\",\"target\":[\"https:\\\/\\\/betlabel.games\\\/tr\\\/bonuses\\\/first-deposit\\\/\"]}]},{\"@type\":\"BreadcrumbList\",\"@id\":\"https:\\\/\\\/betlabel.games\\\/tr\\\/bonuses\\\/first-deposit\\\/#breadcrumb\",\"itemListElement\":[{\"@type\":\"ListItem\",\"position\":1,\"name\":\"Home\",\"item\":\"https:\\\/\\\/betlabel.games\\\/tr\\\/\"},{\"@type\":\"ListItem\",\"position\":2,\"name\":\"Bonus\",\"item\":\"https:\\\/\\\/betlabel.games\\\/tr\\\/bonuses\\\/\"},{\"@type\":\"ListItem\",\"position\":3,\"name\":\"\u0130lk Para Yat\u0131rma\"}]},{\"@type\":\"WebSite\",\"@id\":\"https:\\\/\\\/betlabel.games\\\/tr\\\/#website\",\"url\":\"https:\\\/\\\/betlabel.games\\\/tr\\\/\",\"name\":\"BetLabel tr\",\"description\":\"My WordPress Blog\",\"potentialAction\":[{\"@type\":\"SearchAction\",\"target\":{\"@type\":\"EntryPoint\",\"urlTemplate\":\"https:\\\/\\\/betlabel.games\\\/tr\\\/?s={search_term_string}\"},\"query-input\":{\"@type\":\"PropertyValueSpecification\",\"valueRequired\":true,\"valueName\":\"search_term_string\"}}],\"inLanguage\":\"tr\"}]}<\/script>\n<!-- \/ Yoast SEO plugin. -->","yoast_head_json":{"title":"BetLabel'da \u0130lk \u0130\u015fleminizde 0 Kazan\u0131n | 4200\u20ba'ye Kadar","description":"BetLabel'de ilk para yat\u0131rma i\u015fleminizde 0 kazanma \u015fans\u0131n\u0131 ka\u00e7\u0131rmay\u0131n! Kaydolun ve spor bahisleri i\u00e7in 4200\u20ba kadar kazan\u0131n. Kolay, h\u0131zl\u0131 ve k\u00e2rl\u0131 - bonusunuz zaten sizi bekliyor!","robots":{"index":"index","follow":"follow","max-snippet":"max-snippet:-1","max-image-preview":"max-image-preview:large","max-video-preview":"max-video-preview:-1"},"og_locale":"tr_TR","og_type":"article","og_title":"BetLabel'da \u0130lk \u0130\u015fleminizde 0 Kazan\u0131n | 4200\u20ba'ye Kadar","og_description":"BetLabel'de ilk para yat\u0131rma i\u015fleminizde 0 kazanma \u015fans\u0131n\u0131 ka\u00e7\u0131rmay\u0131n! Kaydolun ve spor bahisleri i\u00e7in 4200\u20ba kadar kazan\u0131n. Kolay, h\u0131zl\u0131 ve k\u00e2rl\u0131 - bonusunuz zaten sizi bekliyor!","og_url":"https:\/\/betlabel.games\/tr\/bonuses\/first-deposit\/","og_site_name":"BetLabel tr","article_modified_time":"2025-10-21T09:13:43+00:00","twitter_card":"summary_large_image","schema":{"@context":"https:\/\/schema.org","@graph":[{"@type":"WebPage","@id":"https:\/\/betlabel.games\/tr\/bonuses\/first-deposit\/","url":"https:\/\/betlabel.games\/tr\/bonuses\/first-deposit\/","name":"BetLabel'da \u0130lk \u0130\u015fleminizde 0 Kazan\u0131n | 4200\u20ba'ye Kadar","isPartOf":{"@id":"https:\/\/betlabel.games\/tr\/#website"},"datePublished":"2025-06-13T06:21:39+00:00","dateModified":"2025-10-21T09:13:43+00:00","description":"BetLabel'de ilk para yat\u0131rma i\u015fleminizde 0 kazanma \u015fans\u0131n\u0131 ka\u00e7\u0131rmay\u0131n! Kaydolun ve spor bahisleri i\u00e7in 4200\u20ba kadar kazan\u0131n. Kolay, h\u0131zl\u0131 ve k\u00e2rl\u0131 - bonusunuz zaten sizi bekliyor!","breadcrumb":{"@id":"https:\/\/betlabel.games\/tr\/bonuses\/first-deposit\/#breadcrumb"},"inLanguage":"tr","potentialAction":[{"@type":"ReadAction","target":["https:\/\/betlabel.games\/tr\/bonuses\/first-deposit\/"]}]},{"@type":"BreadcrumbList","@id":"https:\/\/betlabel.games\/tr\/bonuses\/first-deposit\/#breadcrumb","itemListElement":[{"@type":"ListItem","position":1,"name":"Home","item":"https:\/\/betlabel.games\/tr\/"},{"@type":"ListItem","position":2,"name":"Bonus","item":"https:\/\/betlabel.games\/tr\/bonuses\/"},{"@type":"ListItem","position":3,"name":"\u0130lk Para Yat\u0131rma"}]},{"@type":"WebSite","@id":"https:\/\/betlabel.games\/tr\/#website","url":"https:\/\/betlabel.games\/tr\/","name":"BetLabel tr","description":"My WordPress Blog","potentialAction":[{"@type":"SearchAction","target":{"@type":"EntryPoint","urlTemplate":"https:\/\/betlabel.games\/tr\/?s={search_term_string}"},"query-input":{"@type":"PropertyValueSpecification","valueRequired":true,"valueName":"search_term_string"}}],"inLanguage":"tr"}]}},"_links":{"self":[{"href":"https:\/\/betlabel.games\/tr\/wp-json\/wp\/v2\/pages\/420","targetHints":{"allow":["GET"]}}],"collection":[{"href":"https:\/\/betlabel.games\/tr\/wp-json\/wp\/v2\/pages"}],"about":[{"href":"https:\/\/betlabel.games\/tr\/wp-json\/wp\/v2\/types\/page"}],"author":[{"embeddable":true,"href":"https:\/\/betlabel.games\/tr\/wp-json\/wp\/v2\/users\/1"}],"replies":[{"embeddable":true,"href":"https:\/\/betlabel.games\/tr\/wp-json\/wp\/v2\/comments?post=420"}],"version-history":[{"count":10,"href":"https:\/\/betlabel.games\/tr\/wp-json\/wp\/v2\/pages\/420\/revisions"}],"predecessor-version":[{"id":664,"href":"https:\/\/betlabel.games\/tr\/wp-json\/wp\/v2\/pages\/420\/revisions\/664"}],"up":[{"embeddable":true,"href":"https:\/\/betlabel.games\/tr\/wp-json\/wp\/v2\/pages\/201"}],"wp:attachment":[{"href":"https:\/\/betlabel.games\/tr\/wp-json\/wp\/v2\/media?parent=420"}],"curies":[{"name":"wp","href":"https:\/\/api.w.org\/{rel}","templated":true}]}}