{"id":440,"date":"2025-06-13T07:21:59","date_gmt":"2025-06-13T07:21:59","guid":{"rendered":"https:\/\/betlabel.games\/tr\/?page_id=440"},"modified":"2025-10-21T09:07:46","modified_gmt":"2025-10-21T09:07:46","slug":"freebet","status":"publish","type":"page","link":"https:\/\/betlabel.games\/tr\/bonuses\/freebet\/","title":{"rendered":"FreeBet"},"content":{"rendered":"","protected":false},"excerpt":{"rendered":"","protected":false},"author":1,"featured_media":0,"parent":201,"menu_order":0,"comment_status":"closed","ping_status":"closed","template":"","meta":{"footnotes":""},"class_list":["post-440","page","type-page","status-publish","hentry"],"yoast_head":"<!-- This site is optimized with the Yoast SEO plugin v27.4 - https:\/\/yoast.com\/product\/yoast-seo-wordpress\/ -->\n<title>BetLabel&#039;den \u00fccretsiz bahis | \u0130lk i\u015fleminizde , 4600\u20ba&#039;ye kadar!<\/title>\n<meta name=\"description\" content=\"BetLabel&#039;den ho\u015f geldin \u00fccretsiz bahsinizi al\u0131n ve ilk para yat\u0131rma i\u015fleminizde kazan\u0131n! Kaydolun, bonusu etkinle\u015ftirin ve bakiyenizi doldurun - maksimum avantajlar sizi bekliyor! \u015eans\u0131n\u0131z\u0131 ka\u00e7\u0131rmay\u0131n!\" \/>\n<meta name=\"robots\" content=\"index, follow, max-snippet:-1, max-image-preview:large, max-video-preview:-1\" \/>\n<meta property=\"og:locale\" content=\"tr_TR\" \/>\n<meta property=\"og:type\" content=\"article\" \/>\n<meta property=\"og:title\" content=\"BetLabel&#039;den \u00fccretsiz bahis | \u0130lk i\u015fleminizde , 4600\u20ba&#039;ye kadar!\" \/>\n<meta property=\"og:description\" content=\"BetLabel&#039;den ho\u015f geldin \u00fccretsiz bahsinizi al\u0131n ve ilk para yat\u0131rma i\u015fleminizde kazan\u0131n! Kaydolun, bonusu etkinle\u015ftirin ve bakiyenizi doldurun - maksimum avantajlar sizi bekliyor! \u015eans\u0131n\u0131z\u0131 ka\u00e7\u0131rmay\u0131n!\" \/>\n<meta property=\"og:url\" content=\"https:\/\/betlabel.games\/tr\/bonuses\/freebet\/\" \/>\n<meta property=\"og:site_name\" content=\"BetLabel tr\" \/>\n<meta property=\"article:modified_time\" content=\"2025-10-21T09:07:46+00:00\" \/>\n<meta name=\"twitter:card\" content=\"summary_large_image\" \/>\n<script type=\"application\/ld+json\" class=\"yoast-schema-graph\">{\"@context\":\"https:\\\/\\\/schema.org\",\"@graph\":[{\"@type\":\"WebPage\",\"@id\":\"https:\\\/\\\/betlabel.games\\\/tr\\\/bonuses\\\/freebet\\\/\",\"url\":\"https:\\\/\\\/betlabel.games\\\/tr\\\/bonuses\\\/freebet\\\/\",\"name\":\"BetLabel'den \u00fccretsiz bahis | \u0130lk i\u015fleminizde , 4600\u20ba'ye kadar!\",\"isPartOf\":{\"@id\":\"https:\\\/\\\/betlabel.games\\\/tr\\\/#website\"},\"datePublished\":\"2025-06-13T07:21:59+00:00\",\"dateModified\":\"2025-10-21T09:07:46+00:00\",\"description\":\"BetLabel'den ho\u015f geldin \u00fccretsiz bahsinizi al\u0131n ve ilk para yat\u0131rma i\u015fleminizde kazan\u0131n! Kaydolun, bonusu etkinle\u015ftirin ve bakiyenizi doldurun - maksimum avantajlar sizi bekliyor! \u015eans\u0131n\u0131z\u0131 ka\u00e7\u0131rmay\u0131n!\",\"breadcrumb\":{\"@id\":\"https:\\\/\\\/betlabel.games\\\/tr\\\/bonuses\\\/freebet\\\/#breadcrumb\"},\"inLanguage\":\"tr\",\"potentialAction\":[{\"@type\":\"ReadAction\",\"target\":[\"https:\\\/\\\/betlabel.games\\\/tr\\\/bonuses\\\/freebet\\\/\"]}]},{\"@type\":\"BreadcrumbList\",\"@id\":\"https:\\\/\\\/betlabel.games\\\/tr\\\/bonuses\\\/freebet\\\/#breadcrumb\",\"itemListElement\":[{\"@type\":\"ListItem\",\"position\":1,\"name\":\"Home\",\"item\":\"https:\\\/\\\/betlabel.games\\\/tr\\\/\"},{\"@type\":\"ListItem\",\"position\":2,\"name\":\"Bonus\",\"item\":\"https:\\\/\\\/betlabel.games\\\/tr\\\/bonuses\\\/\"},{\"@type\":\"ListItem\",\"position\":3,\"name\":\"FreeBet\"}]},{\"@type\":\"WebSite\",\"@id\":\"https:\\\/\\\/betlabel.games\\\/tr\\\/#website\",\"url\":\"https:\\\/\\\/betlabel.games\\\/tr\\\/\",\"name\":\"BetLabel tr\",\"description\":\"My WordPress Blog\",\"potentialAction\":[{\"@type\":\"SearchAction\",\"target\":{\"@type\":\"EntryPoint\",\"urlTemplate\":\"https:\\\/\\\/betlabel.games\\\/tr\\\/?s={search_term_string}\"},\"query-input\":{\"@type\":\"PropertyValueSpecification\",\"valueRequired\":true,\"valueName\":\"search_term_string\"}}],\"inLanguage\":\"tr\"}]}<\/script>\n<!-- \/ Yoast SEO plugin. -->","yoast_head_json":{"title":"BetLabel'den \u00fccretsiz bahis | \u0130lk i\u015fleminizde , 4600\u20ba'ye kadar!","description":"BetLabel'den ho\u015f geldin \u00fccretsiz bahsinizi al\u0131n ve ilk para yat\u0131rma i\u015fleminizde kazan\u0131n! Kaydolun, bonusu etkinle\u015ftirin ve bakiyenizi doldurun - maksimum avantajlar sizi bekliyor! \u015eans\u0131n\u0131z\u0131 ka\u00e7\u0131rmay\u0131n!","robots":{"index":"index","follow":"follow","max-snippet":"max-snippet:-1","max-image-preview":"max-image-preview:large","max-video-preview":"max-video-preview:-1"},"og_locale":"tr_TR","og_type":"article","og_title":"BetLabel'den \u00fccretsiz bahis | \u0130lk i\u015fleminizde , 4600\u20ba'ye kadar!","og_description":"BetLabel'den ho\u015f geldin \u00fccretsiz bahsinizi al\u0131n ve ilk para yat\u0131rma i\u015fleminizde kazan\u0131n! Kaydolun, bonusu etkinle\u015ftirin ve bakiyenizi doldurun - maksimum avantajlar sizi bekliyor! \u015eans\u0131n\u0131z\u0131 ka\u00e7\u0131rmay\u0131n!","og_url":"https:\/\/betlabel.games\/tr\/bonuses\/freebet\/","og_site_name":"BetLabel tr","article_modified_time":"2025-10-21T09:07:46+00:00","twitter_card":"summary_large_image","schema":{"@context":"https:\/\/schema.org","@graph":[{"@type":"WebPage","@id":"https:\/\/betlabel.games\/tr\/bonuses\/freebet\/","url":"https:\/\/betlabel.games\/tr\/bonuses\/freebet\/","name":"BetLabel'den \u00fccretsiz bahis | \u0130lk i\u015fleminizde , 4600\u20ba'ye kadar!","isPartOf":{"@id":"https:\/\/betlabel.games\/tr\/#website"},"datePublished":"2025-06-13T07:21:59+00:00","dateModified":"2025-10-21T09:07:46+00:00","description":"BetLabel'den ho\u015f geldin \u00fccretsiz bahsinizi al\u0131n ve ilk para yat\u0131rma i\u015fleminizde kazan\u0131n! Kaydolun, bonusu etkinle\u015ftirin ve bakiyenizi doldurun - maksimum avantajlar sizi bekliyor! \u015eans\u0131n\u0131z\u0131 ka\u00e7\u0131rmay\u0131n!","breadcrumb":{"@id":"https:\/\/betlabel.games\/tr\/bonuses\/freebet\/#breadcrumb"},"inLanguage":"tr","potentialAction":[{"@type":"ReadAction","target":["https:\/\/betlabel.games\/tr\/bonuses\/freebet\/"]}]},{"@type":"BreadcrumbList","@id":"https:\/\/betlabel.games\/tr\/bonuses\/freebet\/#breadcrumb","itemListElement":[{"@type":"ListItem","position":1,"name":"Home","item":"https:\/\/betlabel.games\/tr\/"},{"@type":"ListItem","position":2,"name":"Bonus","item":"https:\/\/betlabel.games\/tr\/bonuses\/"},{"@type":"ListItem","position":3,"name":"FreeBet"}]},{"@type":"WebSite","@id":"https:\/\/betlabel.games\/tr\/#website","url":"https:\/\/betlabel.games\/tr\/","name":"BetLabel tr","description":"My WordPress Blog","potentialAction":[{"@type":"SearchAction","target":{"@type":"EntryPoint","urlTemplate":"https:\/\/betlabel.games\/tr\/?s={search_term_string}"},"query-input":{"@type":"PropertyValueSpecification","valueRequired":true,"valueName":"search_term_string"}}],"inLanguage":"tr"}]}},"_links":{"self":[{"href":"https:\/\/betlabel.games\/tr\/wp-json\/wp\/v2\/pages\/440","targetHints":{"allow":["GET"]}}],"collection":[{"href":"https:\/\/betlabel.games\/tr\/wp-json\/wp\/v2\/pages"}],"about":[{"href":"https:\/\/betlabel.games\/tr\/wp-json\/wp\/v2\/types\/page"}],"author":[{"embeddable":true,"href":"https:\/\/betlabel.games\/tr\/wp-json\/wp\/v2\/users\/1"}],"replies":[{"embeddable":true,"href":"https:\/\/betlabel.games\/tr\/wp-json\/wp\/v2\/comments?post=440"}],"version-history":[{"count":5,"href":"https:\/\/betlabel.games\/tr\/wp-json\/wp\/v2\/pages\/440\/revisions"}],"predecessor-version":[{"id":718,"href":"https:\/\/betlabel.games\/tr\/wp-json\/wp\/v2\/pages\/440\/revisions\/718"}],"up":[{"embeddable":true,"href":"https:\/\/betlabel.games\/tr\/wp-json\/wp\/v2\/pages\/201"}],"wp:attachment":[{"href":"https:\/\/betlabel.games\/tr\/wp-json\/wp\/v2\/media?parent=440"}],"curies":[{"name":"wp","href":"https:\/\/api.w.org\/{rel}","templated":true}]}}