{"id":443,"date":"2025-06-13T07:30:16","date_gmt":"2025-06-13T07:30:16","guid":{"rendered":"https:\/\/betlabel.games\/tr\/?page_id=443"},"modified":"2025-10-21T09:14:30","modified_gmt":"2025-10-21T09:14:30","slug":"casino-welcome-pack","status":"publish","type":"page","link":"https:\/\/betlabel.games\/tr\/bonuses\/casino-welcome-pack\/","title":{"rendered":"Kumarhane Ho\u015f Geldiniz Paketi"},"content":{"rendered":"","protected":false},"excerpt":{"rendered":"","protected":false},"author":1,"featured_media":0,"parent":201,"menu_order":0,"comment_status":"closed","ping_status":"closed","template":"","meta":{"footnotes":""},"class_list":["post-443","page","type-page","status-publish","hentry"],"yoast_head":"<!-- This site is optimized with the Yoast SEO plugin v27.4 - https:\/\/yoast.com\/product\/yoast-seo-wordpress\/ -->\n<title>BetLabel Ho\u015f Geldiniz Paketi | 73000\u20ba ve 150 \u00fccretsiz d\u00f6nd\u00fcrme!<\/title>\n<meta name=\"description\" content=\"BetLabel kumarhane ho\u015f geldin paketi ile kendinizi heyecan verici kazan\u00e7lar d\u00fcnyas\u0131na b\u0131rak\u0131n! \u0130lk d\u00f6rt para yat\u0131rma i\u015fleminiz i\u00e7in 73000\u20ba kadar c\u00f6mert bonuslar ve 150 bedava d\u00f6n\u00fc\u015f kazan\u0131n. Kaydolun ve bug\u00fcn oynamaya ba\u015flay\u0131n!\" \/>\n<meta name=\"robots\" content=\"index, follow, max-snippet:-1, max-image-preview:large, max-video-preview:-1\" \/>\n<meta property=\"og:locale\" content=\"tr_TR\" \/>\n<meta property=\"og:type\" content=\"article\" \/>\n<meta property=\"og:title\" content=\"BetLabel Ho\u015f Geldiniz Paketi | 73000\u20ba ve 150 \u00fccretsiz d\u00f6nd\u00fcrme!\" \/>\n<meta property=\"og:description\" content=\"BetLabel kumarhane ho\u015f geldin paketi ile kendinizi heyecan verici kazan\u00e7lar d\u00fcnyas\u0131na b\u0131rak\u0131n! \u0130lk d\u00f6rt para yat\u0131rma i\u015fleminiz i\u00e7in 73000\u20ba kadar c\u00f6mert bonuslar ve 150 bedava d\u00f6n\u00fc\u015f kazan\u0131n. Kaydolun ve bug\u00fcn oynamaya ba\u015flay\u0131n!\" \/>\n<meta property=\"og:url\" content=\"https:\/\/betlabel.games\/tr\/bonuses\/casino-welcome-pack\/\" \/>\n<meta property=\"og:site_name\" content=\"BetLabel tr\" \/>\n<meta property=\"article:modified_time\" content=\"2025-10-21T09:14:30+00:00\" \/>\n<meta name=\"twitter:card\" content=\"summary_large_image\" \/>\n<script type=\"application\/ld+json\" class=\"yoast-schema-graph\">{\"@context\":\"https:\\\/\\\/schema.org\",\"@graph\":[{\"@type\":\"WebPage\",\"@id\":\"https:\\\/\\\/betlabel.games\\\/tr\\\/bonuses\\\/casino-welcome-pack\\\/\",\"url\":\"https:\\\/\\\/betlabel.games\\\/tr\\\/bonuses\\\/casino-welcome-pack\\\/\",\"name\":\"BetLabel Ho\u015f Geldiniz Paketi | 73000\u20ba ve 150 \u00fccretsiz d\u00f6nd\u00fcrme!\",\"isPartOf\":{\"@id\":\"https:\\\/\\\/betlabel.games\\\/tr\\\/#website\"},\"datePublished\":\"2025-06-13T07:30:16+00:00\",\"dateModified\":\"2025-10-21T09:14:30+00:00\",\"description\":\"BetLabel kumarhane ho\u015f geldin paketi ile kendinizi heyecan verici kazan\u00e7lar d\u00fcnyas\u0131na b\u0131rak\u0131n! \u0130lk d\u00f6rt para yat\u0131rma i\u015fleminiz i\u00e7in 73000\u20ba kadar c\u00f6mert bonuslar ve 150 bedava d\u00f6n\u00fc\u015f kazan\u0131n. Kaydolun ve bug\u00fcn oynamaya ba\u015flay\u0131n!\",\"breadcrumb\":{\"@id\":\"https:\\\/\\\/betlabel.games\\\/tr\\\/bonuses\\\/casino-welcome-pack\\\/#breadcrumb\"},\"inLanguage\":\"tr\",\"potentialAction\":[{\"@type\":\"ReadAction\",\"target\":[\"https:\\\/\\\/betlabel.games\\\/tr\\\/bonuses\\\/casino-welcome-pack\\\/\"]}]},{\"@type\":\"BreadcrumbList\",\"@id\":\"https:\\\/\\\/betlabel.games\\\/tr\\\/bonuses\\\/casino-welcome-pack\\\/#breadcrumb\",\"itemListElement\":[{\"@type\":\"ListItem\",\"position\":1,\"name\":\"Home\",\"item\":\"https:\\\/\\\/betlabel.games\\\/tr\\\/\"},{\"@type\":\"ListItem\",\"position\":2,\"name\":\"Bonus\",\"item\":\"https:\\\/\\\/betlabel.games\\\/tr\\\/bonuses\\\/\"},{\"@type\":\"ListItem\",\"position\":3,\"name\":\"Kumarhane Ho\u015f Geldiniz Paketi\"}]},{\"@type\":\"WebSite\",\"@id\":\"https:\\\/\\\/betlabel.games\\\/tr\\\/#website\",\"url\":\"https:\\\/\\\/betlabel.games\\\/tr\\\/\",\"name\":\"BetLabel tr\",\"description\":\"My WordPress Blog\",\"potentialAction\":[{\"@type\":\"SearchAction\",\"target\":{\"@type\":\"EntryPoint\",\"urlTemplate\":\"https:\\\/\\\/betlabel.games\\\/tr\\\/?s={search_term_string}\"},\"query-input\":{\"@type\":\"PropertyValueSpecification\",\"valueRequired\":true,\"valueName\":\"search_term_string\"}}],\"inLanguage\":\"tr\"}]}<\/script>\n<!-- \/ Yoast SEO plugin. -->","yoast_head_json":{"title":"BetLabel Ho\u015f Geldiniz Paketi | 73000\u20ba ve 150 \u00fccretsiz d\u00f6nd\u00fcrme!","description":"BetLabel kumarhane ho\u015f geldin paketi ile kendinizi heyecan verici kazan\u00e7lar d\u00fcnyas\u0131na b\u0131rak\u0131n! \u0130lk d\u00f6rt para yat\u0131rma i\u015fleminiz i\u00e7in 73000\u20ba kadar c\u00f6mert bonuslar ve 150 bedava d\u00f6n\u00fc\u015f kazan\u0131n. Kaydolun ve bug\u00fcn oynamaya ba\u015flay\u0131n!","robots":{"index":"index","follow":"follow","max-snippet":"max-snippet:-1","max-image-preview":"max-image-preview:large","max-video-preview":"max-video-preview:-1"},"og_locale":"tr_TR","og_type":"article","og_title":"BetLabel Ho\u015f Geldiniz Paketi | 73000\u20ba ve 150 \u00fccretsiz d\u00f6nd\u00fcrme!","og_description":"BetLabel kumarhane ho\u015f geldin paketi ile kendinizi heyecan verici kazan\u00e7lar d\u00fcnyas\u0131na b\u0131rak\u0131n! \u0130lk d\u00f6rt para yat\u0131rma i\u015fleminiz i\u00e7in 73000\u20ba kadar c\u00f6mert bonuslar ve 150 bedava d\u00f6n\u00fc\u015f kazan\u0131n. Kaydolun ve bug\u00fcn oynamaya ba\u015flay\u0131n!","og_url":"https:\/\/betlabel.games\/tr\/bonuses\/casino-welcome-pack\/","og_site_name":"BetLabel tr","article_modified_time":"2025-10-21T09:14:30+00:00","twitter_card":"summary_large_image","schema":{"@context":"https:\/\/schema.org","@graph":[{"@type":"WebPage","@id":"https:\/\/betlabel.games\/tr\/bonuses\/casino-welcome-pack\/","url":"https:\/\/betlabel.games\/tr\/bonuses\/casino-welcome-pack\/","name":"BetLabel Ho\u015f Geldiniz Paketi | 73000\u20ba ve 150 \u00fccretsiz d\u00f6nd\u00fcrme!","isPartOf":{"@id":"https:\/\/betlabel.games\/tr\/#website"},"datePublished":"2025-06-13T07:30:16+00:00","dateModified":"2025-10-21T09:14:30+00:00","description":"BetLabel kumarhane ho\u015f geldin paketi ile kendinizi heyecan verici kazan\u00e7lar d\u00fcnyas\u0131na b\u0131rak\u0131n! \u0130lk d\u00f6rt para yat\u0131rma i\u015fleminiz i\u00e7in 73000\u20ba kadar c\u00f6mert bonuslar ve 150 bedava d\u00f6n\u00fc\u015f kazan\u0131n. Kaydolun ve bug\u00fcn oynamaya ba\u015flay\u0131n!","breadcrumb":{"@id":"https:\/\/betlabel.games\/tr\/bonuses\/casino-welcome-pack\/#breadcrumb"},"inLanguage":"tr","potentialAction":[{"@type":"ReadAction","target":["https:\/\/betlabel.games\/tr\/bonuses\/casino-welcome-pack\/"]}]},{"@type":"BreadcrumbList","@id":"https:\/\/betlabel.games\/tr\/bonuses\/casino-welcome-pack\/#breadcrumb","itemListElement":[{"@type":"ListItem","position":1,"name":"Home","item":"https:\/\/betlabel.games\/tr\/"},{"@type":"ListItem","position":2,"name":"Bonus","item":"https:\/\/betlabel.games\/tr\/bonuses\/"},{"@type":"ListItem","position":3,"name":"Kumarhane Ho\u015f Geldiniz Paketi"}]},{"@type":"WebSite","@id":"https:\/\/betlabel.games\/tr\/#website","url":"https:\/\/betlabel.games\/tr\/","name":"BetLabel tr","description":"My WordPress Blog","potentialAction":[{"@type":"SearchAction","target":{"@type":"EntryPoint","urlTemplate":"https:\/\/betlabel.games\/tr\/?s={search_term_string}"},"query-input":{"@type":"PropertyValueSpecification","valueRequired":true,"valueName":"search_term_string"}}],"inLanguage":"tr"}]}},"_links":{"self":[{"href":"https:\/\/betlabel.games\/tr\/wp-json\/wp\/v2\/pages\/443","targetHints":{"allow":["GET"]}}],"collection":[{"href":"https:\/\/betlabel.games\/tr\/wp-json\/wp\/v2\/pages"}],"about":[{"href":"https:\/\/betlabel.games\/tr\/wp-json\/wp\/v2\/types\/page"}],"author":[{"embeddable":true,"href":"https:\/\/betlabel.games\/tr\/wp-json\/wp\/v2\/users\/1"}],"replies":[{"embeddable":true,"href":"https:\/\/betlabel.games\/tr\/wp-json\/wp\/v2\/comments?post=443"}],"version-history":[{"count":12,"href":"https:\/\/betlabel.games\/tr\/wp-json\/wp\/v2\/pages\/443\/revisions"}],"predecessor-version":[{"id":719,"href":"https:\/\/betlabel.games\/tr\/wp-json\/wp\/v2\/pages\/443\/revisions\/719"}],"up":[{"embeddable":true,"href":"https:\/\/betlabel.games\/tr\/wp-json\/wp\/v2\/pages\/201"}],"wp:attachment":[{"href":"https:\/\/betlabel.games\/tr\/wp-json\/wp\/v2\/media?parent=443"}],"curies":[{"name":"wp","href":"https:\/\/api.w.org\/{rel}","templated":true}]}}