{"id":702,"date":"2025-12-24T09:08:01","date_gmt":"2025-12-24T09:08:01","guid":{"rendered":"https:\/\/betlabel.games\/tr\/?page_id=702"},"modified":"2026-04-30T16:23:58","modified_gmt":"2026-04-30T16:23:58","slug":"football-betting","status":"publish","type":"page","link":"https:\/\/betlabel.games\/tr\/football-betting\/","title":{"rendered":"Futbol"},"content":{"rendered":"","protected":false},"excerpt":{"rendered":"","protected":false},"author":1,"featured_media":0,"parent":0,"menu_order":0,"comment_status":"closed","ping_status":"closed","template":"","meta":{"footnotes":""},"class_list":["post-702","page","type-page","status-publish","hentry"],"yoast_head":"<!-- This site is optimized with the Yoast SEO plugin v27.4 - https:\/\/yoast.com\/product\/yoast-seo-wordpress\/ -->\n<title>BetLabel futbol \u2014 bahis se\u00e7enekleri, canl\u0131 bahis ve y\u00fcksek oranlar<\/title>\n<meta name=\"description\" content=\"BetLabel&#039;da futbol bahisleri oynay\u0131n \u2014 Premier League, \u015eampiyonlar Ligi, Serie A&#039;da 1.300&#039;den fazla bahis se\u00e7ene\u011fi. Y\u00fcksek oranlar, canl\u0131 yay\u0131nlar, istatistikler ve 0 bonus. H\u0131zl\u0131 \u00f6deme imkan\u0131 sunan ma\u00e7 \u00f6ncesi ve canl\u0131 bahisler.\" \/>\n<meta name=\"robots\" content=\"noindex, follow, max-snippet:-1, max-image-preview:large, max-video-preview:-1\" \/>\n<meta property=\"og:locale\" content=\"tr_TR\" \/>\n<meta property=\"og:type\" content=\"article\" \/>\n<meta property=\"og:title\" content=\"BetLabel futbol \u2014 bahis se\u00e7enekleri, canl\u0131 bahis ve y\u00fcksek oranlar\" \/>\n<meta property=\"og:description\" content=\"BetLabel&#039;da futbol bahisleri oynay\u0131n \u2014 Premier League, \u015eampiyonlar Ligi, Serie A&#039;da 1.300&#039;den fazla bahis se\u00e7ene\u011fi. Y\u00fcksek oranlar, canl\u0131 yay\u0131nlar, istatistikler ve 0 bonus. H\u0131zl\u0131 \u00f6deme imkan\u0131 sunan ma\u00e7 \u00f6ncesi ve canl\u0131 bahisler.\" \/>\n<meta property=\"og:url\" content=\"https:\/\/betlabel.games\/tr\/football-betting\/\" \/>\n<meta property=\"og:site_name\" content=\"Betlabel tr\" \/>\n<meta property=\"article:modified_time\" content=\"2026-04-30T16:23:58+00:00\" \/>\n<meta name=\"twitter:card\" content=\"summary_large_image\" \/>\n<script type=\"application\/ld+json\" class=\"yoast-schema-graph\">{\"@context\":\"https:\\\/\\\/schema.org\",\"@graph\":[{\"@type\":\"WebPage\",\"@id\":\"https:\\\/\\\/betlabel.games\\\/tr\\\/football-betting\\\/\",\"url\":\"https:\\\/\\\/betlabel.games\\\/tr\\\/football-betting\\\/\",\"name\":\"BetLabel futbol \u2014 bahis se\u00e7enekleri, canl\u0131 bahis ve y\u00fcksek oranlar\",\"isPartOf\":{\"@id\":\"https:\\\/\\\/betlabel.games\\\/tr\\\/#website\"},\"datePublished\":\"2025-12-24T09:08:01+00:00\",\"dateModified\":\"2026-04-30T16:23:58+00:00\",\"description\":\"BetLabel'da futbol bahisleri oynay\u0131n \u2014 Premier League, \u015eampiyonlar Ligi, Serie A'da 1.300'den fazla bahis se\u00e7ene\u011fi. Y\u00fcksek oranlar, canl\u0131 yay\u0131nlar, istatistikler ve 0 bonus. H\u0131zl\u0131 \u00f6deme imkan\u0131 sunan ma\u00e7 \u00f6ncesi ve canl\u0131 bahisler.\",\"breadcrumb\":{\"@id\":\"https:\\\/\\\/betlabel.games\\\/tr\\\/football-betting\\\/#breadcrumb\"},\"inLanguage\":\"tr\",\"potentialAction\":[{\"@type\":\"ReadAction\",\"target\":[\"https:\\\/\\\/betlabel.games\\\/tr\\\/football-betting\\\/\"]}]},{\"@type\":\"BreadcrumbList\",\"@id\":\"https:\\\/\\\/betlabel.games\\\/tr\\\/football-betting\\\/#breadcrumb\",\"itemListElement\":[{\"@type\":\"ListItem\",\"position\":1,\"name\":\"Home\",\"item\":\"https:\\\/\\\/betlabel.games\\\/tr\\\/\"},{\"@type\":\"ListItem\",\"position\":2,\"name\":\"Futbol\"}]},{\"@type\":\"WebSite\",\"@id\":\"https:\\\/\\\/betlabel.games\\\/tr\\\/#website\",\"url\":\"https:\\\/\\\/betlabel.games\\\/tr\\\/\",\"name\":\"Betlabel tr\",\"description\":\"My WordPress Blog\",\"potentialAction\":[{\"@type\":\"SearchAction\",\"target\":{\"@type\":\"EntryPoint\",\"urlTemplate\":\"https:\\\/\\\/betlabel.games\\\/tr\\\/?s={search_term_string}\"},\"query-input\":{\"@type\":\"PropertyValueSpecification\",\"valueRequired\":true,\"valueName\":\"search_term_string\"}}],\"inLanguage\":\"tr\"}]}<\/script>\n<!-- \/ Yoast SEO plugin. -->","yoast_head_json":{"title":"BetLabel futbol \u2014 bahis se\u00e7enekleri, canl\u0131 bahis ve y\u00fcksek oranlar","description":"BetLabel'da futbol bahisleri oynay\u0131n \u2014 Premier League, \u015eampiyonlar Ligi, Serie A'da 1.300'den fazla bahis se\u00e7ene\u011fi. Y\u00fcksek oranlar, canl\u0131 yay\u0131nlar, istatistikler ve 0 bonus. H\u0131zl\u0131 \u00f6deme imkan\u0131 sunan ma\u00e7 \u00f6ncesi ve canl\u0131 bahisler.","robots":{"index":"noindex","follow":"follow","max-snippet":"max-snippet:-1","max-image-preview":"max-image-preview:large","max-video-preview":"max-video-preview:-1"},"og_locale":"tr_TR","og_type":"article","og_title":"BetLabel futbol \u2014 bahis se\u00e7enekleri, canl\u0131 bahis ve y\u00fcksek oranlar","og_description":"BetLabel'da futbol bahisleri oynay\u0131n \u2014 Premier League, \u015eampiyonlar Ligi, Serie A'da 1.300'den fazla bahis se\u00e7ene\u011fi. Y\u00fcksek oranlar, canl\u0131 yay\u0131nlar, istatistikler ve 0 bonus. H\u0131zl\u0131 \u00f6deme imkan\u0131 sunan ma\u00e7 \u00f6ncesi ve canl\u0131 bahisler.","og_url":"https:\/\/betlabel.games\/tr\/football-betting\/","og_site_name":"Betlabel tr","article_modified_time":"2026-04-30T16:23:58+00:00","twitter_card":"summary_large_image","schema":{"@context":"https:\/\/schema.org","@graph":[{"@type":"WebPage","@id":"https:\/\/betlabel.games\/tr\/football-betting\/","url":"https:\/\/betlabel.games\/tr\/football-betting\/","name":"BetLabel futbol \u2014 bahis se\u00e7enekleri, canl\u0131 bahis ve y\u00fcksek oranlar","isPartOf":{"@id":"https:\/\/betlabel.games\/tr\/#website"},"datePublished":"2025-12-24T09:08:01+00:00","dateModified":"2026-04-30T16:23:58+00:00","description":"BetLabel'da futbol bahisleri oynay\u0131n \u2014 Premier League, \u015eampiyonlar Ligi, Serie A'da 1.300'den fazla bahis se\u00e7ene\u011fi. Y\u00fcksek oranlar, canl\u0131 yay\u0131nlar, istatistikler ve 0 bonus. H\u0131zl\u0131 \u00f6deme imkan\u0131 sunan ma\u00e7 \u00f6ncesi ve canl\u0131 bahisler.","breadcrumb":{"@id":"https:\/\/betlabel.games\/tr\/football-betting\/#breadcrumb"},"inLanguage":"tr","potentialAction":[{"@type":"ReadAction","target":["https:\/\/betlabel.games\/tr\/football-betting\/"]}]},{"@type":"BreadcrumbList","@id":"https:\/\/betlabel.games\/tr\/football-betting\/#breadcrumb","itemListElement":[{"@type":"ListItem","position":1,"name":"Home","item":"https:\/\/betlabel.games\/tr\/"},{"@type":"ListItem","position":2,"name":"Futbol"}]},{"@type":"WebSite","@id":"https:\/\/betlabel.games\/tr\/#website","url":"https:\/\/betlabel.games\/tr\/","name":"Betlabel tr","description":"My WordPress Blog","potentialAction":[{"@type":"SearchAction","target":{"@type":"EntryPoint","urlTemplate":"https:\/\/betlabel.games\/tr\/?s={search_term_string}"},"query-input":{"@type":"PropertyValueSpecification","valueRequired":true,"valueName":"search_term_string"}}],"inLanguage":"tr"}]}},"_links":{"self":[{"href":"https:\/\/betlabel.games\/tr\/wp-json\/wp\/v2\/pages\/702","targetHints":{"allow":["GET"]}}],"collection":[{"href":"https:\/\/betlabel.games\/tr\/wp-json\/wp\/v2\/pages"}],"about":[{"href":"https:\/\/betlabel.games\/tr\/wp-json\/wp\/v2\/types\/page"}],"author":[{"embeddable":true,"href":"https:\/\/betlabel.games\/tr\/wp-json\/wp\/v2\/users\/1"}],"replies":[{"embeddable":true,"href":"https:\/\/betlabel.games\/tr\/wp-json\/wp\/v2\/comments?post=702"}],"version-history":[{"count":5,"href":"https:\/\/betlabel.games\/tr\/wp-json\/wp\/v2\/pages\/702\/revisions"}],"predecessor-version":[{"id":1223,"href":"https:\/\/betlabel.games\/tr\/wp-json\/wp\/v2\/pages\/702\/revisions\/1223"}],"wp:attachment":[{"href":"https:\/\/betlabel.games\/tr\/wp-json\/wp\/v2\/media?parent=702"}],"curies":[{"name":"wp","href":"https:\/\/api.w.org\/{rel}","templated":true}]}}