{"id":725,"date":"2025-12-24T13:46:39","date_gmt":"2025-12-24T13:46:39","guid":{"rendered":"https:\/\/betlabel.games\/tr\/?page_id=725"},"modified":"2026-04-30T15:36:20","modified_gmt":"2026-04-30T15:36:20","slug":"boxing-betting","status":"publish","type":"page","link":"https:\/\/betlabel.games\/tr\/boxing-betting\/","title":{"rendered":"Boks"},"content":{"rendered":"","protected":false},"excerpt":{"rendered":"","protected":false},"author":1,"featured_media":0,"parent":0,"menu_order":0,"comment_status":"closed","ping_status":"closed","template":"","meta":{"footnotes":""},"class_list":["post-725","page","type-page","status-publish","hentry"],"yoast_head":"<!-- This site is optimized with the Yoast SEO plugin v27.4 - https:\/\/yoast.com\/product\/yoast-seo-wordpress\/ -->\n<title>BetLabel Boks bahisleri \u2014 UFC, WBC, canl\u0131 oranlar ve bonuslar<\/title>\n<meta name=\"description\" content=\"BetLabel&#039;da boks ve MMA bahisleri \u2014 WBC, WBA ve UFC \u015fampiyonluk ma\u00e7lar\u0131nda raunt, nakavt ve galibiyet \u015fekli bahis oranlar\u0131. Y\u00fcksek oranlar, canl\u0131 yay\u0131nlar ve 0 bonus. En \u00f6nemli ma\u00e7larda ma\u00e7 \u00f6ncesi ve canl\u0131 bahisler.\" \/>\n<meta name=\"robots\" content=\"noindex, follow, max-snippet:-1, max-image-preview:large, max-video-preview:-1\" \/>\n<meta property=\"og:locale\" content=\"tr_TR\" \/>\n<meta property=\"og:type\" content=\"article\" \/>\n<meta property=\"og:title\" content=\"BetLabel Boks bahisleri \u2014 UFC, WBC, canl\u0131 oranlar ve bonuslar\" \/>\n<meta property=\"og:description\" content=\"BetLabel&#039;da boks ve MMA bahisleri \u2014 WBC, WBA ve UFC \u015fampiyonluk ma\u00e7lar\u0131nda raunt, nakavt ve galibiyet \u015fekli bahis oranlar\u0131. Y\u00fcksek oranlar, canl\u0131 yay\u0131nlar ve 0 bonus. En \u00f6nemli ma\u00e7larda ma\u00e7 \u00f6ncesi ve canl\u0131 bahisler.\" \/>\n<meta property=\"og:url\" content=\"https:\/\/betlabel.games\/tr\/boxing-betting\/\" \/>\n<meta property=\"og:site_name\" content=\"Betlabel tr\" \/>\n<meta property=\"article:modified_time\" content=\"2026-04-30T15:36:20+00:00\" \/>\n<meta name=\"twitter:card\" content=\"summary_large_image\" \/>\n<script type=\"application\/ld+json\" class=\"yoast-schema-graph\">{\"@context\":\"https:\\\/\\\/schema.org\",\"@graph\":[{\"@type\":\"WebPage\",\"@id\":\"https:\\\/\\\/betlabel.games\\\/tr\\\/boxing-betting\\\/\",\"url\":\"https:\\\/\\\/betlabel.games\\\/tr\\\/boxing-betting\\\/\",\"name\":\"BetLabel Boks bahisleri \u2014 UFC, WBC, canl\u0131 oranlar ve bonuslar\",\"isPartOf\":{\"@id\":\"https:\\\/\\\/betlabel.games\\\/tr\\\/#website\"},\"datePublished\":\"2025-12-24T13:46:39+00:00\",\"dateModified\":\"2026-04-30T15:36:20+00:00\",\"description\":\"BetLabel'da boks ve MMA bahisleri \u2014 WBC, WBA ve UFC \u015fampiyonluk ma\u00e7lar\u0131nda raunt, nakavt ve galibiyet \u015fekli bahis oranlar\u0131. Y\u00fcksek oranlar, canl\u0131 yay\u0131nlar ve 0 bonus. En \u00f6nemli ma\u00e7larda ma\u00e7 \u00f6ncesi ve canl\u0131 bahisler.\",\"breadcrumb\":{\"@id\":\"https:\\\/\\\/betlabel.games\\\/tr\\\/boxing-betting\\\/#breadcrumb\"},\"inLanguage\":\"tr\",\"potentialAction\":[{\"@type\":\"ReadAction\",\"target\":[\"https:\\\/\\\/betlabel.games\\\/tr\\\/boxing-betting\\\/\"]}]},{\"@type\":\"BreadcrumbList\",\"@id\":\"https:\\\/\\\/betlabel.games\\\/tr\\\/boxing-betting\\\/#breadcrumb\",\"itemListElement\":[{\"@type\":\"ListItem\",\"position\":1,\"name\":\"Home\",\"item\":\"https:\\\/\\\/betlabel.games\\\/tr\\\/\"},{\"@type\":\"ListItem\",\"position\":2,\"name\":\"Boks\"}]},{\"@type\":\"WebSite\",\"@id\":\"https:\\\/\\\/betlabel.games\\\/tr\\\/#website\",\"url\":\"https:\\\/\\\/betlabel.games\\\/tr\\\/\",\"name\":\"Betlabel tr\",\"description\":\"My WordPress Blog\",\"potentialAction\":[{\"@type\":\"SearchAction\",\"target\":{\"@type\":\"EntryPoint\",\"urlTemplate\":\"https:\\\/\\\/betlabel.games\\\/tr\\\/?s={search_term_string}\"},\"query-input\":{\"@type\":\"PropertyValueSpecification\",\"valueRequired\":true,\"valueName\":\"search_term_string\"}}],\"inLanguage\":\"tr\"}]}<\/script>\n<!-- \/ Yoast SEO plugin. -->","yoast_head_json":{"title":"BetLabel Boks bahisleri \u2014 UFC, WBC, canl\u0131 oranlar ve bonuslar","description":"BetLabel'da boks ve MMA bahisleri \u2014 WBC, WBA ve UFC \u015fampiyonluk ma\u00e7lar\u0131nda raunt, nakavt ve galibiyet \u015fekli bahis oranlar\u0131. Y\u00fcksek oranlar, canl\u0131 yay\u0131nlar ve 0 bonus. En \u00f6nemli ma\u00e7larda ma\u00e7 \u00f6ncesi ve canl\u0131 bahisler.","robots":{"index":"noindex","follow":"follow","max-snippet":"max-snippet:-1","max-image-preview":"max-image-preview:large","max-video-preview":"max-video-preview:-1"},"og_locale":"tr_TR","og_type":"article","og_title":"BetLabel Boks bahisleri \u2014 UFC, WBC, canl\u0131 oranlar ve bonuslar","og_description":"BetLabel'da boks ve MMA bahisleri \u2014 WBC, WBA ve UFC \u015fampiyonluk ma\u00e7lar\u0131nda raunt, nakavt ve galibiyet \u015fekli bahis oranlar\u0131. Y\u00fcksek oranlar, canl\u0131 yay\u0131nlar ve 0 bonus. En \u00f6nemli ma\u00e7larda ma\u00e7 \u00f6ncesi ve canl\u0131 bahisler.","og_url":"https:\/\/betlabel.games\/tr\/boxing-betting\/","og_site_name":"Betlabel tr","article_modified_time":"2026-04-30T15:36:20+00:00","twitter_card":"summary_large_image","schema":{"@context":"https:\/\/schema.org","@graph":[{"@type":"WebPage","@id":"https:\/\/betlabel.games\/tr\/boxing-betting\/","url":"https:\/\/betlabel.games\/tr\/boxing-betting\/","name":"BetLabel Boks bahisleri \u2014 UFC, WBC, canl\u0131 oranlar ve bonuslar","isPartOf":{"@id":"https:\/\/betlabel.games\/tr\/#website"},"datePublished":"2025-12-24T13:46:39+00:00","dateModified":"2026-04-30T15:36:20+00:00","description":"BetLabel'da boks ve MMA bahisleri \u2014 WBC, WBA ve UFC \u015fampiyonluk ma\u00e7lar\u0131nda raunt, nakavt ve galibiyet \u015fekli bahis oranlar\u0131. Y\u00fcksek oranlar, canl\u0131 yay\u0131nlar ve 0 bonus. En \u00f6nemli ma\u00e7larda ma\u00e7 \u00f6ncesi ve canl\u0131 bahisler.","breadcrumb":{"@id":"https:\/\/betlabel.games\/tr\/boxing-betting\/#breadcrumb"},"inLanguage":"tr","potentialAction":[{"@type":"ReadAction","target":["https:\/\/betlabel.games\/tr\/boxing-betting\/"]}]},{"@type":"BreadcrumbList","@id":"https:\/\/betlabel.games\/tr\/boxing-betting\/#breadcrumb","itemListElement":[{"@type":"ListItem","position":1,"name":"Home","item":"https:\/\/betlabel.games\/tr\/"},{"@type":"ListItem","position":2,"name":"Boks"}]},{"@type":"WebSite","@id":"https:\/\/betlabel.games\/tr\/#website","url":"https:\/\/betlabel.games\/tr\/","name":"Betlabel tr","description":"My WordPress Blog","potentialAction":[{"@type":"SearchAction","target":{"@type":"EntryPoint","urlTemplate":"https:\/\/betlabel.games\/tr\/?s={search_term_string}"},"query-input":{"@type":"PropertyValueSpecification","valueRequired":true,"valueName":"search_term_string"}}],"inLanguage":"tr"}]}},"_links":{"self":[{"href":"https:\/\/betlabel.games\/tr\/wp-json\/wp\/v2\/pages\/725","targetHints":{"allow":["GET"]}}],"collection":[{"href":"https:\/\/betlabel.games\/tr\/wp-json\/wp\/v2\/pages"}],"about":[{"href":"https:\/\/betlabel.games\/tr\/wp-json\/wp\/v2\/types\/page"}],"author":[{"embeddable":true,"href":"https:\/\/betlabel.games\/tr\/wp-json\/wp\/v2\/users\/1"}],"replies":[{"embeddable":true,"href":"https:\/\/betlabel.games\/tr\/wp-json\/wp\/v2\/comments?post=725"}],"version-history":[{"count":5,"href":"https:\/\/betlabel.games\/tr\/wp-json\/wp\/v2\/pages\/725\/revisions"}],"predecessor-version":[{"id":1208,"href":"https:\/\/betlabel.games\/tr\/wp-json\/wp\/v2\/pages\/725\/revisions\/1208"}],"wp:attachment":[{"href":"https:\/\/betlabel.games\/tr\/wp-json\/wp\/v2\/media?parent=725"}],"curies":[{"name":"wp","href":"https:\/\/api.w.org\/{rel}","templated":true}]}}