{"id":750,"date":"2025-12-29T17:25:25","date_gmt":"2025-12-29T17:25:25","guid":{"rendered":"https:\/\/betlabel.games\/tr\/?page_id=750"},"modified":"2026-04-30T16:04:25","modified_gmt":"2026-04-30T16:04:25","slug":"esports-betting","status":"publish","type":"page","link":"https:\/\/betlabel.games\/tr\/esports-betting\/","title":{"rendered":"E-spor bahisleri"},"content":{"rendered":"","protected":false},"excerpt":{"rendered":"","protected":false},"author":1,"featured_media":0,"parent":0,"menu_order":0,"comment_status":"closed","ping_status":"closed","template":"","meta":{"footnotes":""},"class_list":["post-750","page","type-page","status-publish","hentry"],"yoast_head":"<!-- This site is optimized with the Yoast SEO plugin v27.4 - https:\/\/yoast.com\/product\/yoast-seo-wordpress\/ -->\n<title>E-spor bahisleri BetLabel \u2014 Dota 2, CS2 ve canl\u0131 oranlar<\/title>\n<meta name=\"description\" content=\"BetLabel&#039;da e-spor bahisleri oynay\u0131n \u2014 Dota 2, CS2, LoL ve di\u011fer dallar. Y\u00fcksek oranlar, kullan\u0131\u015fl\u0131 bahis se\u00e7enekleri, ayr\u0131nt\u0131l\u0131 istatistikler ve canl\u0131 bahis \u2014 hem yeni ba\u015flayanlar hem de deneyimli oyuncular i\u00e7in.\" \/>\n<meta name=\"robots\" content=\"noindex, follow, max-snippet:-1, max-image-preview:large, max-video-preview:-1\" \/>\n<meta property=\"og:locale\" content=\"tr_TR\" \/>\n<meta property=\"og:type\" content=\"article\" \/>\n<meta property=\"og:title\" content=\"E-spor bahisleri BetLabel \u2014 Dota 2, CS2 ve canl\u0131 oranlar\" \/>\n<meta property=\"og:description\" content=\"BetLabel&#039;da e-spor bahisleri oynay\u0131n \u2014 Dota 2, CS2, LoL ve di\u011fer dallar. Y\u00fcksek oranlar, kullan\u0131\u015fl\u0131 bahis se\u00e7enekleri, ayr\u0131nt\u0131l\u0131 istatistikler ve canl\u0131 bahis \u2014 hem yeni ba\u015flayanlar hem de deneyimli oyuncular i\u00e7in.\" \/>\n<meta property=\"og:url\" content=\"https:\/\/betlabel.games\/tr\/esports-betting\/\" \/>\n<meta property=\"og:site_name\" content=\"Betlabel tr\" \/>\n<meta property=\"article:modified_time\" content=\"2026-04-30T16:04:25+00:00\" \/>\n<meta name=\"twitter:card\" content=\"summary_large_image\" \/>\n<script type=\"application\/ld+json\" class=\"yoast-schema-graph\">{\"@context\":\"https:\\\/\\\/schema.org\",\"@graph\":[{\"@type\":\"WebPage\",\"@id\":\"https:\\\/\\\/betlabel.games\\\/tr\\\/esports-betting\\\/\",\"url\":\"https:\\\/\\\/betlabel.games\\\/tr\\\/esports-betting\\\/\",\"name\":\"E-spor bahisleri BetLabel \u2014 Dota 2, CS2 ve canl\u0131 oranlar\",\"isPartOf\":{\"@id\":\"https:\\\/\\\/betlabel.games\\\/tr\\\/#website\"},\"datePublished\":\"2025-12-29T17:25:25+00:00\",\"dateModified\":\"2026-04-30T16:04:25+00:00\",\"description\":\"BetLabel'da e-spor bahisleri oynay\u0131n \u2014 Dota 2, CS2, LoL ve di\u011fer dallar. Y\u00fcksek oranlar, kullan\u0131\u015fl\u0131 bahis se\u00e7enekleri, ayr\u0131nt\u0131l\u0131 istatistikler ve canl\u0131 bahis \u2014 hem yeni ba\u015flayanlar hem de deneyimli oyuncular i\u00e7in.\",\"breadcrumb\":{\"@id\":\"https:\\\/\\\/betlabel.games\\\/tr\\\/esports-betting\\\/#breadcrumb\"},\"inLanguage\":\"tr\",\"potentialAction\":[{\"@type\":\"ReadAction\",\"target\":[\"https:\\\/\\\/betlabel.games\\\/tr\\\/esports-betting\\\/\"]}]},{\"@type\":\"BreadcrumbList\",\"@id\":\"https:\\\/\\\/betlabel.games\\\/tr\\\/esports-betting\\\/#breadcrumb\",\"itemListElement\":[{\"@type\":\"ListItem\",\"position\":1,\"name\":\"Home\",\"item\":\"https:\\\/\\\/betlabel.games\\\/tr\\\/\"},{\"@type\":\"ListItem\",\"position\":2,\"name\":\"E-spor bahisleri\"}]},{\"@type\":\"WebSite\",\"@id\":\"https:\\\/\\\/betlabel.games\\\/tr\\\/#website\",\"url\":\"https:\\\/\\\/betlabel.games\\\/tr\\\/\",\"name\":\"Betlabel tr\",\"description\":\"My WordPress Blog\",\"potentialAction\":[{\"@type\":\"SearchAction\",\"target\":{\"@type\":\"EntryPoint\",\"urlTemplate\":\"https:\\\/\\\/betlabel.games\\\/tr\\\/?s={search_term_string}\"},\"query-input\":{\"@type\":\"PropertyValueSpecification\",\"valueRequired\":true,\"valueName\":\"search_term_string\"}}],\"inLanguage\":\"tr\"}]}<\/script>\n<!-- \/ Yoast SEO plugin. -->","yoast_head_json":{"title":"E-spor bahisleri BetLabel \u2014 Dota 2, CS2 ve canl\u0131 oranlar","description":"BetLabel'da e-spor bahisleri oynay\u0131n \u2014 Dota 2, CS2, LoL ve di\u011fer dallar. Y\u00fcksek oranlar, kullan\u0131\u015fl\u0131 bahis se\u00e7enekleri, ayr\u0131nt\u0131l\u0131 istatistikler ve canl\u0131 bahis \u2014 hem yeni ba\u015flayanlar hem de deneyimli oyuncular i\u00e7in.","robots":{"index":"noindex","follow":"follow","max-snippet":"max-snippet:-1","max-image-preview":"max-image-preview:large","max-video-preview":"max-video-preview:-1"},"og_locale":"tr_TR","og_type":"article","og_title":"E-spor bahisleri BetLabel \u2014 Dota 2, CS2 ve canl\u0131 oranlar","og_description":"BetLabel'da e-spor bahisleri oynay\u0131n \u2014 Dota 2, CS2, LoL ve di\u011fer dallar. Y\u00fcksek oranlar, kullan\u0131\u015fl\u0131 bahis se\u00e7enekleri, ayr\u0131nt\u0131l\u0131 istatistikler ve canl\u0131 bahis \u2014 hem yeni ba\u015flayanlar hem de deneyimli oyuncular i\u00e7in.","og_url":"https:\/\/betlabel.games\/tr\/esports-betting\/","og_site_name":"Betlabel tr","article_modified_time":"2026-04-30T16:04:25+00:00","twitter_card":"summary_large_image","schema":{"@context":"https:\/\/schema.org","@graph":[{"@type":"WebPage","@id":"https:\/\/betlabel.games\/tr\/esports-betting\/","url":"https:\/\/betlabel.games\/tr\/esports-betting\/","name":"E-spor bahisleri BetLabel \u2014 Dota 2, CS2 ve canl\u0131 oranlar","isPartOf":{"@id":"https:\/\/betlabel.games\/tr\/#website"},"datePublished":"2025-12-29T17:25:25+00:00","dateModified":"2026-04-30T16:04:25+00:00","description":"BetLabel'da e-spor bahisleri oynay\u0131n \u2014 Dota 2, CS2, LoL ve di\u011fer dallar. Y\u00fcksek oranlar, kullan\u0131\u015fl\u0131 bahis se\u00e7enekleri, ayr\u0131nt\u0131l\u0131 istatistikler ve canl\u0131 bahis \u2014 hem yeni ba\u015flayanlar hem de deneyimli oyuncular i\u00e7in.","breadcrumb":{"@id":"https:\/\/betlabel.games\/tr\/esports-betting\/#breadcrumb"},"inLanguage":"tr","potentialAction":[{"@type":"ReadAction","target":["https:\/\/betlabel.games\/tr\/esports-betting\/"]}]},{"@type":"BreadcrumbList","@id":"https:\/\/betlabel.games\/tr\/esports-betting\/#breadcrumb","itemListElement":[{"@type":"ListItem","position":1,"name":"Home","item":"https:\/\/betlabel.games\/tr\/"},{"@type":"ListItem","position":2,"name":"E-spor bahisleri"}]},{"@type":"WebSite","@id":"https:\/\/betlabel.games\/tr\/#website","url":"https:\/\/betlabel.games\/tr\/","name":"Betlabel tr","description":"My WordPress Blog","potentialAction":[{"@type":"SearchAction","target":{"@type":"EntryPoint","urlTemplate":"https:\/\/betlabel.games\/tr\/?s={search_term_string}"},"query-input":{"@type":"PropertyValueSpecification","valueRequired":true,"valueName":"search_term_string"}}],"inLanguage":"tr"}]}},"_links":{"self":[{"href":"https:\/\/betlabel.games\/tr\/wp-json\/wp\/v2\/pages\/750","targetHints":{"allow":["GET"]}}],"collection":[{"href":"https:\/\/betlabel.games\/tr\/wp-json\/wp\/v2\/pages"}],"about":[{"href":"https:\/\/betlabel.games\/tr\/wp-json\/wp\/v2\/types\/page"}],"author":[{"embeddable":true,"href":"https:\/\/betlabel.games\/tr\/wp-json\/wp\/v2\/users\/1"}],"replies":[{"embeddable":true,"href":"https:\/\/betlabel.games\/tr\/wp-json\/wp\/v2\/comments?post=750"}],"version-history":[{"count":5,"href":"https:\/\/betlabel.games\/tr\/wp-json\/wp\/v2\/pages\/750\/revisions"}],"predecessor-version":[{"id":1219,"href":"https:\/\/betlabel.games\/tr\/wp-json\/wp\/v2\/pages\/750\/revisions\/1219"}],"wp:attachment":[{"href":"https:\/\/betlabel.games\/tr\/wp-json\/wp\/v2\/media?parent=750"}],"curies":[{"name":"wp","href":"https:\/\/api.w.org\/{rel}","templated":true}]}}