{"id":772,"date":"2026-01-02T06:51:52","date_gmt":"2026-01-02T06:51:52","guid":{"rendered":"https:\/\/betlabel.games\/tr\/?page_id=772"},"modified":"2026-04-30T15:56:56","modified_gmt":"2026-04-30T15:56:56","slug":"chicken-road","status":"publish","type":"page","link":"https:\/\/betlabel.games\/tr\/chicken-road\/","title":{"rendered":"Chicken Road"},"content":{"rendered":"","protected":false},"excerpt":{"rendered":"","protected":false},"author":1,"featured_media":0,"parent":0,"menu_order":0,"comment_status":"closed","ping_status":"closed","template":"","meta":{"footnotes":""},"class_list":["post-772","page","type-page","status-publish","hentry"],"yoast_head":"<!-- This site is optimized with the Yoast SEO plugin v27.4 - https:\/\/yoast.com\/product\/yoast-seo-wordpress\/ -->\n<title>BetLabel&#039;da Chicken Road \u2014 y\u00fcksek RTP&#039;ye sahip bir crash oyunu<\/title>\n<meta name=\"description\" content=\"BetLabel Casino&#039;daki Chicken Road \u2014 y\u00fcksek RTP oran\u0131na sahip dinamik bir crash oyunudur. Bahsinizi yap\u0131n, \u00e7arpan\u0131n artmas\u0131n\u0131 izleyin ve zaman\u0131nda kazanc\u0131n\u0131z\u0131 toplay\u0131n. H\u0131zl\u0131 tempolu ve heyecan verici oyun seanslar\u0131 i\u00e7in ideal.\" \/>\n<meta name=\"robots\" content=\"noindex, follow, max-snippet:-1, max-image-preview:large, max-video-preview:-1\" \/>\n<meta property=\"og:locale\" content=\"tr_TR\" \/>\n<meta property=\"og:type\" content=\"article\" \/>\n<meta property=\"og:title\" content=\"BetLabel&#039;da Chicken Road \u2014 y\u00fcksek RTP&#039;ye sahip bir crash oyunu\" \/>\n<meta property=\"og:description\" content=\"BetLabel Casino&#039;daki Chicken Road \u2014 y\u00fcksek RTP oran\u0131na sahip dinamik bir crash oyunudur. Bahsinizi yap\u0131n, \u00e7arpan\u0131n artmas\u0131n\u0131 izleyin ve zaman\u0131nda kazanc\u0131n\u0131z\u0131 toplay\u0131n. H\u0131zl\u0131 tempolu ve heyecan verici oyun seanslar\u0131 i\u00e7in ideal.\" \/>\n<meta property=\"og:url\" content=\"https:\/\/betlabel.games\/tr\/chicken-road\/\" \/>\n<meta property=\"og:site_name\" content=\"Betlabel tr\" \/>\n<meta property=\"article:modified_time\" content=\"2026-04-30T15:56:56+00:00\" \/>\n<meta name=\"twitter:card\" content=\"summary_large_image\" \/>\n<script type=\"application\/ld+json\" class=\"yoast-schema-graph\">{\"@context\":\"https:\\\/\\\/schema.org\",\"@graph\":[{\"@type\":\"WebPage\",\"@id\":\"https:\\\/\\\/betlabel.games\\\/tr\\\/chicken-road\\\/\",\"url\":\"https:\\\/\\\/betlabel.games\\\/tr\\\/chicken-road\\\/\",\"name\":\"BetLabel'da Chicken Road \u2014 y\u00fcksek RTP'ye sahip bir crash oyunu\",\"isPartOf\":{\"@id\":\"https:\\\/\\\/betlabel.games\\\/tr\\\/#website\"},\"datePublished\":\"2026-01-02T06:51:52+00:00\",\"dateModified\":\"2026-04-30T15:56:56+00:00\",\"description\":\"BetLabel Casino'daki Chicken Road \u2014 y\u00fcksek RTP oran\u0131na sahip dinamik bir crash oyunudur. Bahsinizi yap\u0131n, \u00e7arpan\u0131n artmas\u0131n\u0131 izleyin ve zaman\u0131nda kazanc\u0131n\u0131z\u0131 toplay\u0131n. H\u0131zl\u0131 tempolu ve heyecan verici oyun seanslar\u0131 i\u00e7in ideal.\",\"breadcrumb\":{\"@id\":\"https:\\\/\\\/betlabel.games\\\/tr\\\/chicken-road\\\/#breadcrumb\"},\"inLanguage\":\"tr\",\"potentialAction\":[{\"@type\":\"ReadAction\",\"target\":[\"https:\\\/\\\/betlabel.games\\\/tr\\\/chicken-road\\\/\"]}]},{\"@type\":\"BreadcrumbList\",\"@id\":\"https:\\\/\\\/betlabel.games\\\/tr\\\/chicken-road\\\/#breadcrumb\",\"itemListElement\":[{\"@type\":\"ListItem\",\"position\":1,\"name\":\"Home\",\"item\":\"https:\\\/\\\/betlabel.games\\\/tr\\\/\"},{\"@type\":\"ListItem\",\"position\":2,\"name\":\"Chicken Road\"}]},{\"@type\":\"WebSite\",\"@id\":\"https:\\\/\\\/betlabel.games\\\/tr\\\/#website\",\"url\":\"https:\\\/\\\/betlabel.games\\\/tr\\\/\",\"name\":\"Betlabel tr\",\"description\":\"My WordPress Blog\",\"potentialAction\":[{\"@type\":\"SearchAction\",\"target\":{\"@type\":\"EntryPoint\",\"urlTemplate\":\"https:\\\/\\\/betlabel.games\\\/tr\\\/?s={search_term_string}\"},\"query-input\":{\"@type\":\"PropertyValueSpecification\",\"valueRequired\":true,\"valueName\":\"search_term_string\"}}],\"inLanguage\":\"tr\"}]}<\/script>\n<!-- \/ Yoast SEO plugin. -->","yoast_head_json":{"title":"BetLabel'da Chicken Road \u2014 y\u00fcksek RTP'ye sahip bir crash oyunu","description":"BetLabel Casino'daki Chicken Road \u2014 y\u00fcksek RTP oran\u0131na sahip dinamik bir crash oyunudur. Bahsinizi yap\u0131n, \u00e7arpan\u0131n artmas\u0131n\u0131 izleyin ve zaman\u0131nda kazanc\u0131n\u0131z\u0131 toplay\u0131n. H\u0131zl\u0131 tempolu ve heyecan verici oyun seanslar\u0131 i\u00e7in ideal.","robots":{"index":"noindex","follow":"follow","max-snippet":"max-snippet:-1","max-image-preview":"max-image-preview:large","max-video-preview":"max-video-preview:-1"},"og_locale":"tr_TR","og_type":"article","og_title":"BetLabel'da Chicken Road \u2014 y\u00fcksek RTP'ye sahip bir crash oyunu","og_description":"BetLabel Casino'daki Chicken Road \u2014 y\u00fcksek RTP oran\u0131na sahip dinamik bir crash oyunudur. Bahsinizi yap\u0131n, \u00e7arpan\u0131n artmas\u0131n\u0131 izleyin ve zaman\u0131nda kazanc\u0131n\u0131z\u0131 toplay\u0131n. H\u0131zl\u0131 tempolu ve heyecan verici oyun seanslar\u0131 i\u00e7in ideal.","og_url":"https:\/\/betlabel.games\/tr\/chicken-road\/","og_site_name":"Betlabel tr","article_modified_time":"2026-04-30T15:56:56+00:00","twitter_card":"summary_large_image","schema":{"@context":"https:\/\/schema.org","@graph":[{"@type":"WebPage","@id":"https:\/\/betlabel.games\/tr\/chicken-road\/","url":"https:\/\/betlabel.games\/tr\/chicken-road\/","name":"BetLabel'da Chicken Road \u2014 y\u00fcksek RTP'ye sahip bir crash oyunu","isPartOf":{"@id":"https:\/\/betlabel.games\/tr\/#website"},"datePublished":"2026-01-02T06:51:52+00:00","dateModified":"2026-04-30T15:56:56+00:00","description":"BetLabel Casino'daki Chicken Road \u2014 y\u00fcksek RTP oran\u0131na sahip dinamik bir crash oyunudur. Bahsinizi yap\u0131n, \u00e7arpan\u0131n artmas\u0131n\u0131 izleyin ve zaman\u0131nda kazanc\u0131n\u0131z\u0131 toplay\u0131n. H\u0131zl\u0131 tempolu ve heyecan verici oyun seanslar\u0131 i\u00e7in ideal.","breadcrumb":{"@id":"https:\/\/betlabel.games\/tr\/chicken-road\/#breadcrumb"},"inLanguage":"tr","potentialAction":[{"@type":"ReadAction","target":["https:\/\/betlabel.games\/tr\/chicken-road\/"]}]},{"@type":"BreadcrumbList","@id":"https:\/\/betlabel.games\/tr\/chicken-road\/#breadcrumb","itemListElement":[{"@type":"ListItem","position":1,"name":"Home","item":"https:\/\/betlabel.games\/tr\/"},{"@type":"ListItem","position":2,"name":"Chicken Road"}]},{"@type":"WebSite","@id":"https:\/\/betlabel.games\/tr\/#website","url":"https:\/\/betlabel.games\/tr\/","name":"Betlabel tr","description":"My WordPress Blog","potentialAction":[{"@type":"SearchAction","target":{"@type":"EntryPoint","urlTemplate":"https:\/\/betlabel.games\/tr\/?s={search_term_string}"},"query-input":{"@type":"PropertyValueSpecification","valueRequired":true,"valueName":"search_term_string"}}],"inLanguage":"tr"}]}},"_links":{"self":[{"href":"https:\/\/betlabel.games\/tr\/wp-json\/wp\/v2\/pages\/772","targetHints":{"allow":["GET"]}}],"collection":[{"href":"https:\/\/betlabel.games\/tr\/wp-json\/wp\/v2\/pages"}],"about":[{"href":"https:\/\/betlabel.games\/tr\/wp-json\/wp\/v2\/types\/page"}],"author":[{"embeddable":true,"href":"https:\/\/betlabel.games\/tr\/wp-json\/wp\/v2\/users\/1"}],"replies":[{"embeddable":true,"href":"https:\/\/betlabel.games\/tr\/wp-json\/wp\/v2\/comments?post=772"}],"version-history":[{"count":5,"href":"https:\/\/betlabel.games\/tr\/wp-json\/wp\/v2\/pages\/772\/revisions"}],"predecessor-version":[{"id":1216,"href":"https:\/\/betlabel.games\/tr\/wp-json\/wp\/v2\/pages\/772\/revisions\/1216"}],"wp:attachment":[{"href":"https:\/\/betlabel.games\/tr\/wp-json\/wp\/v2\/media?parent=772"}],"curies":[{"name":"wp","href":"https:\/\/api.w.org\/{rel}","templated":true}]}}