{"id":777,"date":"2026-01-02T07:26:08","date_gmt":"2026-01-02T07:26:08","guid":{"rendered":"https:\/\/betlabel.games\/tr\/?page_id=777"},"modified":"2026-05-01T04:48:46","modified_gmt":"2026-05-01T04:48:46","slug":"plinko","status":"publish","type":"page","link":"https:\/\/betlabel.games\/tr\/plinko\/","title":{"rendered":"Plinko"},"content":{"rendered":"","protected":false},"excerpt":{"rendered":"","protected":false},"author":1,"featured_media":0,"parent":0,"menu_order":0,"comment_status":"closed","ping_status":"closed","template":"","meta":{"footnotes":""},"class_list":["post-777","page","type-page","status-publish","hentry"],"yoast_head":"<!-- This site is optimized with the Yoast SEO plugin v27.4 - https:\/\/yoast.com\/product\/yoast-seo-wordpress\/ -->\n<title>BetLabel Casino&#039;da Plinko oynay\u0131n \u2014 \u00e7arpanl\u0131 basit bir oyun<\/title>\n<meta name=\"description\" content=\"BetLabel&#039;da Plinko \u2014 d\u00fc\u015fen toplar ve \u00e7arpanlar\u0131n yer ald\u0131\u011f\u0131 h\u0131zl\u0131 ve anla\u015f\u0131lmas\u0131 kolay bir oyundur. D\u00fc\u015f\u00fck bahis tutarlar\u0131, risk kontrol\u00fc, k\u0131sa turlar ve bilgisayar\u0131n\u0131zdan veya telefonunuzdan rahat\u00e7a oynama imkan\u0131.\" \/>\n<meta name=\"robots\" content=\"noindex, follow, max-snippet:-1, max-image-preview:large, max-video-preview:-1\" \/>\n<meta property=\"og:locale\" content=\"tr_TR\" \/>\n<meta property=\"og:type\" content=\"article\" \/>\n<meta property=\"og:title\" content=\"BetLabel Casino&#039;da Plinko oynay\u0131n \u2014 \u00e7arpanl\u0131 basit bir oyun\" \/>\n<meta property=\"og:description\" content=\"BetLabel&#039;da Plinko \u2014 d\u00fc\u015fen toplar ve \u00e7arpanlar\u0131n yer ald\u0131\u011f\u0131 h\u0131zl\u0131 ve anla\u015f\u0131lmas\u0131 kolay bir oyundur. D\u00fc\u015f\u00fck bahis tutarlar\u0131, risk kontrol\u00fc, k\u0131sa turlar ve bilgisayar\u0131n\u0131zdan veya telefonunuzdan rahat\u00e7a oynama imkan\u0131.\" \/>\n<meta property=\"og:url\" content=\"https:\/\/betlabel.games\/tr\/plinko\/\" \/>\n<meta property=\"og:site_name\" content=\"Betlabel tr\" \/>\n<meta property=\"article:modified_time\" content=\"2026-05-01T04:48:46+00:00\" \/>\n<meta name=\"twitter:card\" content=\"summary_large_image\" \/>\n<script type=\"application\/ld+json\" class=\"yoast-schema-graph\">{\"@context\":\"https:\\\/\\\/schema.org\",\"@graph\":[{\"@type\":\"WebPage\",\"@id\":\"https:\\\/\\\/betlabel.games\\\/tr\\\/plinko\\\/\",\"url\":\"https:\\\/\\\/betlabel.games\\\/tr\\\/plinko\\\/\",\"name\":\"BetLabel Casino'da Plinko oynay\u0131n \u2014 \u00e7arpanl\u0131 basit bir oyun\",\"isPartOf\":{\"@id\":\"https:\\\/\\\/betlabel.games\\\/tr\\\/#website\"},\"datePublished\":\"2026-01-02T07:26:08+00:00\",\"dateModified\":\"2026-05-01T04:48:46+00:00\",\"description\":\"BetLabel'da Plinko \u2014 d\u00fc\u015fen toplar ve \u00e7arpanlar\u0131n yer ald\u0131\u011f\u0131 h\u0131zl\u0131 ve anla\u015f\u0131lmas\u0131 kolay bir oyundur. D\u00fc\u015f\u00fck bahis tutarlar\u0131, risk kontrol\u00fc, k\u0131sa turlar ve bilgisayar\u0131n\u0131zdan veya telefonunuzdan rahat\u00e7a oynama imkan\u0131.\",\"breadcrumb\":{\"@id\":\"https:\\\/\\\/betlabel.games\\\/tr\\\/plinko\\\/#breadcrumb\"},\"inLanguage\":\"tr\",\"potentialAction\":[{\"@type\":\"ReadAction\",\"target\":[\"https:\\\/\\\/betlabel.games\\\/tr\\\/plinko\\\/\"]}]},{\"@type\":\"BreadcrumbList\",\"@id\":\"https:\\\/\\\/betlabel.games\\\/tr\\\/plinko\\\/#breadcrumb\",\"itemListElement\":[{\"@type\":\"ListItem\",\"position\":1,\"name\":\"Home\",\"item\":\"https:\\\/\\\/betlabel.games\\\/tr\\\/\"},{\"@type\":\"ListItem\",\"position\":2,\"name\":\"Plinko\"}]},{\"@type\":\"WebSite\",\"@id\":\"https:\\\/\\\/betlabel.games\\\/tr\\\/#website\",\"url\":\"https:\\\/\\\/betlabel.games\\\/tr\\\/\",\"name\":\"Betlabel tr\",\"description\":\"My WordPress Blog\",\"potentialAction\":[{\"@type\":\"SearchAction\",\"target\":{\"@type\":\"EntryPoint\",\"urlTemplate\":\"https:\\\/\\\/betlabel.games\\\/tr\\\/?s={search_term_string}\"},\"query-input\":{\"@type\":\"PropertyValueSpecification\",\"valueRequired\":true,\"valueName\":\"search_term_string\"}}],\"inLanguage\":\"tr\"}]}<\/script>\n<!-- \/ Yoast SEO plugin. -->","yoast_head_json":{"title":"BetLabel Casino'da Plinko oynay\u0131n \u2014 \u00e7arpanl\u0131 basit bir oyun","description":"BetLabel'da Plinko \u2014 d\u00fc\u015fen toplar ve \u00e7arpanlar\u0131n yer ald\u0131\u011f\u0131 h\u0131zl\u0131 ve anla\u015f\u0131lmas\u0131 kolay bir oyundur. D\u00fc\u015f\u00fck bahis tutarlar\u0131, risk kontrol\u00fc, k\u0131sa turlar ve bilgisayar\u0131n\u0131zdan veya telefonunuzdan rahat\u00e7a oynama imkan\u0131.","robots":{"index":"noindex","follow":"follow","max-snippet":"max-snippet:-1","max-image-preview":"max-image-preview:large","max-video-preview":"max-video-preview:-1"},"og_locale":"tr_TR","og_type":"article","og_title":"BetLabel Casino'da Plinko oynay\u0131n \u2014 \u00e7arpanl\u0131 basit bir oyun","og_description":"BetLabel'da Plinko \u2014 d\u00fc\u015fen toplar ve \u00e7arpanlar\u0131n yer ald\u0131\u011f\u0131 h\u0131zl\u0131 ve anla\u015f\u0131lmas\u0131 kolay bir oyundur. D\u00fc\u015f\u00fck bahis tutarlar\u0131, risk kontrol\u00fc, k\u0131sa turlar ve bilgisayar\u0131n\u0131zdan veya telefonunuzdan rahat\u00e7a oynama imkan\u0131.","og_url":"https:\/\/betlabel.games\/tr\/plinko\/","og_site_name":"Betlabel tr","article_modified_time":"2026-05-01T04:48:46+00:00","twitter_card":"summary_large_image","schema":{"@context":"https:\/\/schema.org","@graph":[{"@type":"WebPage","@id":"https:\/\/betlabel.games\/tr\/plinko\/","url":"https:\/\/betlabel.games\/tr\/plinko\/","name":"BetLabel Casino'da Plinko oynay\u0131n \u2014 \u00e7arpanl\u0131 basit bir oyun","isPartOf":{"@id":"https:\/\/betlabel.games\/tr\/#website"},"datePublished":"2026-01-02T07:26:08+00:00","dateModified":"2026-05-01T04:48:46+00:00","description":"BetLabel'da Plinko \u2014 d\u00fc\u015fen toplar ve \u00e7arpanlar\u0131n yer ald\u0131\u011f\u0131 h\u0131zl\u0131 ve anla\u015f\u0131lmas\u0131 kolay bir oyundur. D\u00fc\u015f\u00fck bahis tutarlar\u0131, risk kontrol\u00fc, k\u0131sa turlar ve bilgisayar\u0131n\u0131zdan veya telefonunuzdan rahat\u00e7a oynama imkan\u0131.","breadcrumb":{"@id":"https:\/\/betlabel.games\/tr\/plinko\/#breadcrumb"},"inLanguage":"tr","potentialAction":[{"@type":"ReadAction","target":["https:\/\/betlabel.games\/tr\/plinko\/"]}]},{"@type":"BreadcrumbList","@id":"https:\/\/betlabel.games\/tr\/plinko\/#breadcrumb","itemListElement":[{"@type":"ListItem","position":1,"name":"Home","item":"https:\/\/betlabel.games\/tr\/"},{"@type":"ListItem","position":2,"name":"Plinko"}]},{"@type":"WebSite","@id":"https:\/\/betlabel.games\/tr\/#website","url":"https:\/\/betlabel.games\/tr\/","name":"Betlabel tr","description":"My WordPress Blog","potentialAction":[{"@type":"SearchAction","target":{"@type":"EntryPoint","urlTemplate":"https:\/\/betlabel.games\/tr\/?s={search_term_string}"},"query-input":{"@type":"PropertyValueSpecification","valueRequired":true,"valueName":"search_term_string"}}],"inLanguage":"tr"}]}},"_links":{"self":[{"href":"https:\/\/betlabel.games\/tr\/wp-json\/wp\/v2\/pages\/777","targetHints":{"allow":["GET"]}}],"collection":[{"href":"https:\/\/betlabel.games\/tr\/wp-json\/wp\/v2\/pages"}],"about":[{"href":"https:\/\/betlabel.games\/tr\/wp-json\/wp\/v2\/types\/page"}],"author":[{"embeddable":true,"href":"https:\/\/betlabel.games\/tr\/wp-json\/wp\/v2\/users\/1"}],"replies":[{"embeddable":true,"href":"https:\/\/betlabel.games\/tr\/wp-json\/wp\/v2\/comments?post=777"}],"version-history":[{"count":4,"href":"https:\/\/betlabel.games\/tr\/wp-json\/wp\/v2\/pages\/777\/revisions"}],"predecessor-version":[{"id":1232,"href":"https:\/\/betlabel.games\/tr\/wp-json\/wp\/v2\/pages\/777\/revisions\/1232"}],"wp:attachment":[{"href":"https:\/\/betlabel.games\/tr\/wp-json\/wp\/v2\/media?parent=777"}],"curies":[{"name":"wp","href":"https:\/\/api.w.org\/{rel}","templated":true}]}}