{"id":806,"date":"2026-01-02T16:49:15","date_gmt":"2026-01-02T16:49:15","guid":{"rendered":"https:\/\/betlabel.games\/tr\/?page_id=806"},"modified":"2026-04-30T15:32:04","modified_gmt":"2026-04-30T15:32:04","slug":"book-of-dead","status":"publish","type":"page","link":"https:\/\/betlabel.games\/tr\/book-of-dead\/","title":{"rendered":"Book of Dead"},"content":{"rendered":"","protected":false},"excerpt":{"rendered":"","protected":false},"author":1,"featured_media":0,"parent":0,"menu_order":0,"comment_status":"closed","ping_status":"closed","template":"","meta":{"footnotes":""},"class_list":["post-806","page","type-page","status-publish","hentry"],"yoast_head":"<!-- This site is optimized with the Yoast SEO plugin v27.4 - https:\/\/yoast.com\/product\/yoast-seo-wordpress\/ -->\n<title>Book of Dead BetLabel \u2014 Play&#039;n GO&#039;dan klasik slot oyunu<\/title>\n<meta name=\"description\" content=\"BetLabel&#039;da Book of Dead&#039;i oynay\u0131n \u2014 Play&#039;n GO&#039;nun \u00fccretsiz d\u00f6nd\u00fcrme ve y\u00fcksek kazan\u00e7 potansiyeli sunan efsanevi kitap temal\u0131 slot oyunu. Basit kurallar, h\u0131zl\u0131 d\u00f6nd\u00fcrmeler ve \u00e7evrimi\u00e7i casinolar\u0131n en sevilen klasiklerinden biri.\" \/>\n<meta name=\"robots\" content=\"noindex, follow, max-snippet:-1, max-image-preview:large, max-video-preview:-1\" \/>\n<meta property=\"og:locale\" content=\"tr_TR\" \/>\n<meta property=\"og:type\" content=\"article\" \/>\n<meta property=\"og:title\" content=\"Book of Dead BetLabel \u2014 Play&#039;n GO&#039;dan klasik slot oyunu\" \/>\n<meta property=\"og:description\" content=\"BetLabel&#039;da Book of Dead&#039;i oynay\u0131n \u2014 Play&#039;n GO&#039;nun \u00fccretsiz d\u00f6nd\u00fcrme ve y\u00fcksek kazan\u00e7 potansiyeli sunan efsanevi kitap temal\u0131 slot oyunu. Basit kurallar, h\u0131zl\u0131 d\u00f6nd\u00fcrmeler ve \u00e7evrimi\u00e7i casinolar\u0131n en sevilen klasiklerinden biri.\" \/>\n<meta property=\"og:url\" content=\"https:\/\/betlabel.games\/tr\/book-of-dead\/\" \/>\n<meta property=\"og:site_name\" content=\"Betlabel tr\" \/>\n<meta property=\"article:modified_time\" content=\"2026-04-30T15:32:04+00:00\" \/>\n<meta name=\"twitter:card\" content=\"summary_large_image\" \/>\n<script type=\"application\/ld+json\" class=\"yoast-schema-graph\">{\"@context\":\"https:\\\/\\\/schema.org\",\"@graph\":[{\"@type\":\"WebPage\",\"@id\":\"https:\\\/\\\/betlabel.games\\\/tr\\\/book-of-dead\\\/\",\"url\":\"https:\\\/\\\/betlabel.games\\\/tr\\\/book-of-dead\\\/\",\"name\":\"Book of Dead BetLabel \u2014 Play'n GO'dan klasik slot oyunu\",\"isPartOf\":{\"@id\":\"https:\\\/\\\/betlabel.games\\\/tr\\\/#website\"},\"datePublished\":\"2026-01-02T16:49:15+00:00\",\"dateModified\":\"2026-04-30T15:32:04+00:00\",\"description\":\"BetLabel'da Book of Dead'i oynay\u0131n \u2014 Play'n GO'nun \u00fccretsiz d\u00f6nd\u00fcrme ve y\u00fcksek kazan\u00e7 potansiyeli sunan efsanevi kitap temal\u0131 slot oyunu. Basit kurallar, h\u0131zl\u0131 d\u00f6nd\u00fcrmeler ve \u00e7evrimi\u00e7i casinolar\u0131n en sevilen klasiklerinden biri.\",\"breadcrumb\":{\"@id\":\"https:\\\/\\\/betlabel.games\\\/tr\\\/book-of-dead\\\/#breadcrumb\"},\"inLanguage\":\"tr\",\"potentialAction\":[{\"@type\":\"ReadAction\",\"target\":[\"https:\\\/\\\/betlabel.games\\\/tr\\\/book-of-dead\\\/\"]}]},{\"@type\":\"BreadcrumbList\",\"@id\":\"https:\\\/\\\/betlabel.games\\\/tr\\\/book-of-dead\\\/#breadcrumb\",\"itemListElement\":[{\"@type\":\"ListItem\",\"position\":1,\"name\":\"Home\",\"item\":\"https:\\\/\\\/betlabel.games\\\/tr\\\/\"},{\"@type\":\"ListItem\",\"position\":2,\"name\":\"Book of Dead\"}]},{\"@type\":\"WebSite\",\"@id\":\"https:\\\/\\\/betlabel.games\\\/tr\\\/#website\",\"url\":\"https:\\\/\\\/betlabel.games\\\/tr\\\/\",\"name\":\"Betlabel tr\",\"description\":\"My WordPress Blog\",\"potentialAction\":[{\"@type\":\"SearchAction\",\"target\":{\"@type\":\"EntryPoint\",\"urlTemplate\":\"https:\\\/\\\/betlabel.games\\\/tr\\\/?s={search_term_string}\"},\"query-input\":{\"@type\":\"PropertyValueSpecification\",\"valueRequired\":true,\"valueName\":\"search_term_string\"}}],\"inLanguage\":\"tr\"}]}<\/script>\n<!-- \/ Yoast SEO plugin. -->","yoast_head_json":{"title":"Book of Dead BetLabel \u2014 Play'n GO'dan klasik slot oyunu","description":"BetLabel'da Book of Dead'i oynay\u0131n \u2014 Play'n GO'nun \u00fccretsiz d\u00f6nd\u00fcrme ve y\u00fcksek kazan\u00e7 potansiyeli sunan efsanevi kitap temal\u0131 slot oyunu. Basit kurallar, h\u0131zl\u0131 d\u00f6nd\u00fcrmeler ve \u00e7evrimi\u00e7i casinolar\u0131n en sevilen klasiklerinden biri.","robots":{"index":"noindex","follow":"follow","max-snippet":"max-snippet:-1","max-image-preview":"max-image-preview:large","max-video-preview":"max-video-preview:-1"},"og_locale":"tr_TR","og_type":"article","og_title":"Book of Dead BetLabel \u2014 Play'n GO'dan klasik slot oyunu","og_description":"BetLabel'da Book of Dead'i oynay\u0131n \u2014 Play'n GO'nun \u00fccretsiz d\u00f6nd\u00fcrme ve y\u00fcksek kazan\u00e7 potansiyeli sunan efsanevi kitap temal\u0131 slot oyunu. Basit kurallar, h\u0131zl\u0131 d\u00f6nd\u00fcrmeler ve \u00e7evrimi\u00e7i casinolar\u0131n en sevilen klasiklerinden biri.","og_url":"https:\/\/betlabel.games\/tr\/book-of-dead\/","og_site_name":"Betlabel tr","article_modified_time":"2026-04-30T15:32:04+00:00","twitter_card":"summary_large_image","schema":{"@context":"https:\/\/schema.org","@graph":[{"@type":"WebPage","@id":"https:\/\/betlabel.games\/tr\/book-of-dead\/","url":"https:\/\/betlabel.games\/tr\/book-of-dead\/","name":"Book of Dead BetLabel \u2014 Play'n GO'dan klasik slot oyunu","isPartOf":{"@id":"https:\/\/betlabel.games\/tr\/#website"},"datePublished":"2026-01-02T16:49:15+00:00","dateModified":"2026-04-30T15:32:04+00:00","description":"BetLabel'da Book of Dead'i oynay\u0131n \u2014 Play'n GO'nun \u00fccretsiz d\u00f6nd\u00fcrme ve y\u00fcksek kazan\u00e7 potansiyeli sunan efsanevi kitap temal\u0131 slot oyunu. Basit kurallar, h\u0131zl\u0131 d\u00f6nd\u00fcrmeler ve \u00e7evrimi\u00e7i casinolar\u0131n en sevilen klasiklerinden biri.","breadcrumb":{"@id":"https:\/\/betlabel.games\/tr\/book-of-dead\/#breadcrumb"},"inLanguage":"tr","potentialAction":[{"@type":"ReadAction","target":["https:\/\/betlabel.games\/tr\/book-of-dead\/"]}]},{"@type":"BreadcrumbList","@id":"https:\/\/betlabel.games\/tr\/book-of-dead\/#breadcrumb","itemListElement":[{"@type":"ListItem","position":1,"name":"Home","item":"https:\/\/betlabel.games\/tr\/"},{"@type":"ListItem","position":2,"name":"Book of Dead"}]},{"@type":"WebSite","@id":"https:\/\/betlabel.games\/tr\/#website","url":"https:\/\/betlabel.games\/tr\/","name":"Betlabel tr","description":"My WordPress Blog","potentialAction":[{"@type":"SearchAction","target":{"@type":"EntryPoint","urlTemplate":"https:\/\/betlabel.games\/tr\/?s={search_term_string}"},"query-input":{"@type":"PropertyValueSpecification","valueRequired":true,"valueName":"search_term_string"}}],"inLanguage":"tr"}]}},"_links":{"self":[{"href":"https:\/\/betlabel.games\/tr\/wp-json\/wp\/v2\/pages\/806","targetHints":{"allow":["GET"]}}],"collection":[{"href":"https:\/\/betlabel.games\/tr\/wp-json\/wp\/v2\/pages"}],"about":[{"href":"https:\/\/betlabel.games\/tr\/wp-json\/wp\/v2\/types\/page"}],"author":[{"embeddable":true,"href":"https:\/\/betlabel.games\/tr\/wp-json\/wp\/v2\/users\/1"}],"replies":[{"embeddable":true,"href":"https:\/\/betlabel.games\/tr\/wp-json\/wp\/v2\/comments?post=806"}],"version-history":[{"count":4,"href":"https:\/\/betlabel.games\/tr\/wp-json\/wp\/v2\/pages\/806\/revisions"}],"predecessor-version":[{"id":1206,"href":"https:\/\/betlabel.games\/tr\/wp-json\/wp\/v2\/pages\/806\/revisions\/1206"}],"wp:attachment":[{"href":"https:\/\/betlabel.games\/tr\/wp-json\/wp\/v2\/media?parent=806"}],"curies":[{"name":"wp","href":"https:\/\/api.w.org\/{rel}","templated":true}]}}