{"id":812,"date":"2026-01-02T17:05:33","date_gmt":"2026-01-02T17:05:33","guid":{"rendered":"https:\/\/betlabel.games\/tr\/?page_id=812"},"modified":"2026-05-01T04:09:18","modified_gmt":"2026-05-01T04:09:18","slug":"jetx","status":"publish","type":"page","link":"https:\/\/betlabel.games\/tr\/jetx\/","title":{"rendered":"JetX"},"content":{"rendered":"","protected":false},"excerpt":{"rendered":"","protected":false},"author":1,"featured_media":0,"parent":0,"menu_order":0,"comment_status":"closed","ping_status":"closed","template":"","meta":{"footnotes":""},"class_list":["post-812","page","type-page","status-publish","hentry"],"yoast_head":"<!-- This site is optimized with the Yoast SEO plugin v27.4 - https:\/\/yoast.com\/product\/yoast-seo-wordpress\/ -->\n<title>BetLabel Casino&#039;da JetX \u2014 artan oranlara sahip bir crash oyunu<\/title>\n<meta name=\"description\" content=\"BetLabel&#039;daki JetX, oranlar\u0131n ger\u00e7ek zamanl\u0131 olarak artt\u0131\u011f\u0131 pop\u00fcler bir crash oyunudur. Nas\u0131l oynand\u0131\u011f\u0131n\u0131, ne zaman para \u00e7ekilece\u011fini, hangi stratejilerin en iyi sonu\u00e7 verdi\u011fini ve JetX&#039;in neden h\u0131zl\u0131 oyun seanslar\u0131 i\u00e7in ideal oldu\u011funu \u00f6\u011frenin.\" \/>\n<meta name=\"robots\" content=\"noindex, follow, max-snippet:-1, max-image-preview:large, max-video-preview:-1\" \/>\n<meta property=\"og:locale\" content=\"tr_TR\" \/>\n<meta property=\"og:type\" content=\"article\" \/>\n<meta property=\"og:title\" content=\"BetLabel Casino&#039;da JetX \u2014 artan oranlara sahip bir crash oyunu\" \/>\n<meta property=\"og:description\" content=\"BetLabel&#039;daki JetX, oranlar\u0131n ger\u00e7ek zamanl\u0131 olarak artt\u0131\u011f\u0131 pop\u00fcler bir crash oyunudur. Nas\u0131l oynand\u0131\u011f\u0131n\u0131, ne zaman para \u00e7ekilece\u011fini, hangi stratejilerin en iyi sonu\u00e7 verdi\u011fini ve JetX&#039;in neden h\u0131zl\u0131 oyun seanslar\u0131 i\u00e7in ideal oldu\u011funu \u00f6\u011frenin.\" \/>\n<meta property=\"og:url\" content=\"https:\/\/betlabel.games\/tr\/jetx\/\" \/>\n<meta property=\"og:site_name\" content=\"Betlabel tr\" \/>\n<meta property=\"article:modified_time\" content=\"2026-05-01T04:09:18+00:00\" \/>\n<meta name=\"twitter:card\" content=\"summary_large_image\" \/>\n<script type=\"application\/ld+json\" class=\"yoast-schema-graph\">{\"@context\":\"https:\\\/\\\/schema.org\",\"@graph\":[{\"@type\":\"WebPage\",\"@id\":\"https:\\\/\\\/betlabel.games\\\/tr\\\/jetx\\\/\",\"url\":\"https:\\\/\\\/betlabel.games\\\/tr\\\/jetx\\\/\",\"name\":\"BetLabel Casino'da JetX \u2014 artan oranlara sahip bir crash oyunu\",\"isPartOf\":{\"@id\":\"https:\\\/\\\/betlabel.games\\\/tr\\\/#website\"},\"datePublished\":\"2026-01-02T17:05:33+00:00\",\"dateModified\":\"2026-05-01T04:09:18+00:00\",\"description\":\"BetLabel'daki JetX, oranlar\u0131n ger\u00e7ek zamanl\u0131 olarak artt\u0131\u011f\u0131 pop\u00fcler bir crash oyunudur. Nas\u0131l oynand\u0131\u011f\u0131n\u0131, ne zaman para \u00e7ekilece\u011fini, hangi stratejilerin en iyi sonu\u00e7 verdi\u011fini ve JetX'in neden h\u0131zl\u0131 oyun seanslar\u0131 i\u00e7in ideal oldu\u011funu \u00f6\u011frenin.\",\"breadcrumb\":{\"@id\":\"https:\\\/\\\/betlabel.games\\\/tr\\\/jetx\\\/#breadcrumb\"},\"inLanguage\":\"tr\",\"potentialAction\":[{\"@type\":\"ReadAction\",\"target\":[\"https:\\\/\\\/betlabel.games\\\/tr\\\/jetx\\\/\"]}]},{\"@type\":\"BreadcrumbList\",\"@id\":\"https:\\\/\\\/betlabel.games\\\/tr\\\/jetx\\\/#breadcrumb\",\"itemListElement\":[{\"@type\":\"ListItem\",\"position\":1,\"name\":\"Home\",\"item\":\"https:\\\/\\\/betlabel.games\\\/tr\\\/\"},{\"@type\":\"ListItem\",\"position\":2,\"name\":\"JetX\"}]},{\"@type\":\"WebSite\",\"@id\":\"https:\\\/\\\/betlabel.games\\\/tr\\\/#website\",\"url\":\"https:\\\/\\\/betlabel.games\\\/tr\\\/\",\"name\":\"Betlabel tr\",\"description\":\"My WordPress Blog\",\"potentialAction\":[{\"@type\":\"SearchAction\",\"target\":{\"@type\":\"EntryPoint\",\"urlTemplate\":\"https:\\\/\\\/betlabel.games\\\/tr\\\/?s={search_term_string}\"},\"query-input\":{\"@type\":\"PropertyValueSpecification\",\"valueRequired\":true,\"valueName\":\"search_term_string\"}}],\"inLanguage\":\"tr\"}]}<\/script>\n<!-- \/ Yoast SEO plugin. -->","yoast_head_json":{"title":"BetLabel Casino'da JetX \u2014 artan oranlara sahip bir crash oyunu","description":"BetLabel'daki JetX, oranlar\u0131n ger\u00e7ek zamanl\u0131 olarak artt\u0131\u011f\u0131 pop\u00fcler bir crash oyunudur. Nas\u0131l oynand\u0131\u011f\u0131n\u0131, ne zaman para \u00e7ekilece\u011fini, hangi stratejilerin en iyi sonu\u00e7 verdi\u011fini ve JetX'in neden h\u0131zl\u0131 oyun seanslar\u0131 i\u00e7in ideal oldu\u011funu \u00f6\u011frenin.","robots":{"index":"noindex","follow":"follow","max-snippet":"max-snippet:-1","max-image-preview":"max-image-preview:large","max-video-preview":"max-video-preview:-1"},"og_locale":"tr_TR","og_type":"article","og_title":"BetLabel Casino'da JetX \u2014 artan oranlara sahip bir crash oyunu","og_description":"BetLabel'daki JetX, oranlar\u0131n ger\u00e7ek zamanl\u0131 olarak artt\u0131\u011f\u0131 pop\u00fcler bir crash oyunudur. Nas\u0131l oynand\u0131\u011f\u0131n\u0131, ne zaman para \u00e7ekilece\u011fini, hangi stratejilerin en iyi sonu\u00e7 verdi\u011fini ve JetX'in neden h\u0131zl\u0131 oyun seanslar\u0131 i\u00e7in ideal oldu\u011funu \u00f6\u011frenin.","og_url":"https:\/\/betlabel.games\/tr\/jetx\/","og_site_name":"Betlabel tr","article_modified_time":"2026-05-01T04:09:18+00:00","twitter_card":"summary_large_image","schema":{"@context":"https:\/\/schema.org","@graph":[{"@type":"WebPage","@id":"https:\/\/betlabel.games\/tr\/jetx\/","url":"https:\/\/betlabel.games\/tr\/jetx\/","name":"BetLabel Casino'da JetX \u2014 artan oranlara sahip bir crash oyunu","isPartOf":{"@id":"https:\/\/betlabel.games\/tr\/#website"},"datePublished":"2026-01-02T17:05:33+00:00","dateModified":"2026-05-01T04:09:18+00:00","description":"BetLabel'daki JetX, oranlar\u0131n ger\u00e7ek zamanl\u0131 olarak artt\u0131\u011f\u0131 pop\u00fcler bir crash oyunudur. Nas\u0131l oynand\u0131\u011f\u0131n\u0131, ne zaman para \u00e7ekilece\u011fini, hangi stratejilerin en iyi sonu\u00e7 verdi\u011fini ve JetX'in neden h\u0131zl\u0131 oyun seanslar\u0131 i\u00e7in ideal oldu\u011funu \u00f6\u011frenin.","breadcrumb":{"@id":"https:\/\/betlabel.games\/tr\/jetx\/#breadcrumb"},"inLanguage":"tr","potentialAction":[{"@type":"ReadAction","target":["https:\/\/betlabel.games\/tr\/jetx\/"]}]},{"@type":"BreadcrumbList","@id":"https:\/\/betlabel.games\/tr\/jetx\/#breadcrumb","itemListElement":[{"@type":"ListItem","position":1,"name":"Home","item":"https:\/\/betlabel.games\/tr\/"},{"@type":"ListItem","position":2,"name":"JetX"}]},{"@type":"WebSite","@id":"https:\/\/betlabel.games\/tr\/#website","url":"https:\/\/betlabel.games\/tr\/","name":"Betlabel tr","description":"My WordPress Blog","potentialAction":[{"@type":"SearchAction","target":{"@type":"EntryPoint","urlTemplate":"https:\/\/betlabel.games\/tr\/?s={search_term_string}"},"query-input":{"@type":"PropertyValueSpecification","valueRequired":true,"valueName":"search_term_string"}}],"inLanguage":"tr"}]}},"_links":{"self":[{"href":"https:\/\/betlabel.games\/tr\/wp-json\/wp\/v2\/pages\/812","targetHints":{"allow":["GET"]}}],"collection":[{"href":"https:\/\/betlabel.games\/tr\/wp-json\/wp\/v2\/pages"}],"about":[{"href":"https:\/\/betlabel.games\/tr\/wp-json\/wp\/v2\/types\/page"}],"author":[{"embeddable":true,"href":"https:\/\/betlabel.games\/tr\/wp-json\/wp\/v2\/users\/1"}],"replies":[{"embeddable":true,"href":"https:\/\/betlabel.games\/tr\/wp-json\/wp\/v2\/comments?post=812"}],"version-history":[{"count":5,"href":"https:\/\/betlabel.games\/tr\/wp-json\/wp\/v2\/pages\/812\/revisions"}],"predecessor-version":[{"id":1224,"href":"https:\/\/betlabel.games\/tr\/wp-json\/wp\/v2\/pages\/812\/revisions\/1224"}],"wp:attachment":[{"href":"https:\/\/betlabel.games\/tr\/wp-json\/wp\/v2\/media?parent=812"}],"curies":[{"name":"wp","href":"https:\/\/api.w.org\/{rel}","templated":true}]}}