{"id":834,"date":"2026-01-03T13:29:26","date_gmt":"2026-01-03T13:29:26","guid":{"rendered":"https:\/\/betlabel.games\/tr\/?page_id=834"},"modified":"2026-04-30T15:53:39","modified_gmt":"2026-04-30T15:53:39","slug":"casino-games","status":"publish","type":"page","link":"https:\/\/betlabel.games\/tr\/casino-games\/","title":{"rendered":"Kumarhane oyunlar\u0131"},"content":{"rendered":"","protected":false},"excerpt":{"rendered":"","protected":false},"author":1,"featured_media":0,"parent":0,"menu_order":0,"comment_status":"closed","ping_status":"closed","template":"","meta":{"footnotes":""},"class_list":["post-834","page","type-page","status-publish","hentry"],"yoast_head":"<!-- This site is optimized with the Yoast SEO plugin v27.4 - https:\/\/yoast.com\/product\/yoast-seo-wordpress\/ -->\n<title>BetLabel Kumarhane oyunlar\u0131 \u2014 slotlar, oyunlar ve anl\u0131k oyunlar<\/title>\n<meta name=\"description\" content=\"BetLabel casino oyunlar\u0131n\u0131 ke\u015ffedin \u2014 modern slotlar, pop\u00fcler crash oyunlar\u0131 ve an\u0131nda oynanabilen oyunlar. Kullan\u0131c\u0131 dostu aray\u00fcz, h\u0131zl\u0131 oyun ba\u015flatma ve PC&#039;nizde veya ak\u0131ll\u0131 telefonunuzda rahat bir oyun deneyimi.\" \/>\n<meta name=\"robots\" content=\"noindex, follow, max-snippet:-1, max-image-preview:large, max-video-preview:-1\" \/>\n<meta property=\"og:locale\" content=\"tr_TR\" \/>\n<meta property=\"og:type\" content=\"article\" \/>\n<meta property=\"og:title\" content=\"BetLabel Kumarhane oyunlar\u0131 \u2014 slotlar, oyunlar ve anl\u0131k oyunlar\" \/>\n<meta property=\"og:description\" content=\"BetLabel casino oyunlar\u0131n\u0131 ke\u015ffedin \u2014 modern slotlar, pop\u00fcler crash oyunlar\u0131 ve an\u0131nda oynanabilen oyunlar. Kullan\u0131c\u0131 dostu aray\u00fcz, h\u0131zl\u0131 oyun ba\u015flatma ve PC&#039;nizde veya ak\u0131ll\u0131 telefonunuzda rahat bir oyun deneyimi.\" \/>\n<meta property=\"og:url\" content=\"https:\/\/betlabel.games\/tr\/casino-games\/\" \/>\n<meta property=\"og:site_name\" content=\"Betlabel tr\" \/>\n<meta property=\"article:modified_time\" content=\"2026-04-30T15:53:39+00:00\" \/>\n<meta name=\"twitter:card\" content=\"summary_large_image\" \/>\n<script type=\"application\/ld+json\" class=\"yoast-schema-graph\">{\"@context\":\"https:\\\/\\\/schema.org\",\"@graph\":[{\"@type\":\"WebPage\",\"@id\":\"https:\\\/\\\/betlabel.games\\\/tr\\\/casino-games\\\/\",\"url\":\"https:\\\/\\\/betlabel.games\\\/tr\\\/casino-games\\\/\",\"name\":\"BetLabel Kumarhane oyunlar\u0131 \u2014 slotlar, oyunlar ve anl\u0131k oyunlar\",\"isPartOf\":{\"@id\":\"https:\\\/\\\/betlabel.games\\\/tr\\\/#website\"},\"datePublished\":\"2026-01-03T13:29:26+00:00\",\"dateModified\":\"2026-04-30T15:53:39+00:00\",\"description\":\"BetLabel casino oyunlar\u0131n\u0131 ke\u015ffedin \u2014 modern slotlar, pop\u00fcler crash oyunlar\u0131 ve an\u0131nda oynanabilen oyunlar. Kullan\u0131c\u0131 dostu aray\u00fcz, h\u0131zl\u0131 oyun ba\u015flatma ve PC'nizde veya ak\u0131ll\u0131 telefonunuzda rahat bir oyun deneyimi.\",\"breadcrumb\":{\"@id\":\"https:\\\/\\\/betlabel.games\\\/tr\\\/casino-games\\\/#breadcrumb\"},\"inLanguage\":\"tr\",\"potentialAction\":[{\"@type\":\"ReadAction\",\"target\":[\"https:\\\/\\\/betlabel.games\\\/tr\\\/casino-games\\\/\"]}]},{\"@type\":\"BreadcrumbList\",\"@id\":\"https:\\\/\\\/betlabel.games\\\/tr\\\/casino-games\\\/#breadcrumb\",\"itemListElement\":[{\"@type\":\"ListItem\",\"position\":1,\"name\":\"Home\",\"item\":\"https:\\\/\\\/betlabel.games\\\/tr\\\/\"},{\"@type\":\"ListItem\",\"position\":2,\"name\":\"Kumarhane oyunlar\u0131\"}]},{\"@type\":\"WebSite\",\"@id\":\"https:\\\/\\\/betlabel.games\\\/tr\\\/#website\",\"url\":\"https:\\\/\\\/betlabel.games\\\/tr\\\/\",\"name\":\"Betlabel tr\",\"description\":\"My WordPress Blog\",\"potentialAction\":[{\"@type\":\"SearchAction\",\"target\":{\"@type\":\"EntryPoint\",\"urlTemplate\":\"https:\\\/\\\/betlabel.games\\\/tr\\\/?s={search_term_string}\"},\"query-input\":{\"@type\":\"PropertyValueSpecification\",\"valueRequired\":true,\"valueName\":\"search_term_string\"}}],\"inLanguage\":\"tr\"}]}<\/script>\n<!-- \/ Yoast SEO plugin. -->","yoast_head_json":{"title":"BetLabel Kumarhane oyunlar\u0131 \u2014 slotlar, oyunlar ve anl\u0131k oyunlar","description":"BetLabel casino oyunlar\u0131n\u0131 ke\u015ffedin \u2014 modern slotlar, pop\u00fcler crash oyunlar\u0131 ve an\u0131nda oynanabilen oyunlar. Kullan\u0131c\u0131 dostu aray\u00fcz, h\u0131zl\u0131 oyun ba\u015flatma ve PC'nizde veya ak\u0131ll\u0131 telefonunuzda rahat bir oyun deneyimi.","robots":{"index":"noindex","follow":"follow","max-snippet":"max-snippet:-1","max-image-preview":"max-image-preview:large","max-video-preview":"max-video-preview:-1"},"og_locale":"tr_TR","og_type":"article","og_title":"BetLabel Kumarhane oyunlar\u0131 \u2014 slotlar, oyunlar ve anl\u0131k oyunlar","og_description":"BetLabel casino oyunlar\u0131n\u0131 ke\u015ffedin \u2014 modern slotlar, pop\u00fcler crash oyunlar\u0131 ve an\u0131nda oynanabilen oyunlar. Kullan\u0131c\u0131 dostu aray\u00fcz, h\u0131zl\u0131 oyun ba\u015flatma ve PC'nizde veya ak\u0131ll\u0131 telefonunuzda rahat bir oyun deneyimi.","og_url":"https:\/\/betlabel.games\/tr\/casino-games\/","og_site_name":"Betlabel tr","article_modified_time":"2026-04-30T15:53:39+00:00","twitter_card":"summary_large_image","schema":{"@context":"https:\/\/schema.org","@graph":[{"@type":"WebPage","@id":"https:\/\/betlabel.games\/tr\/casino-games\/","url":"https:\/\/betlabel.games\/tr\/casino-games\/","name":"BetLabel Kumarhane oyunlar\u0131 \u2014 slotlar, oyunlar ve anl\u0131k oyunlar","isPartOf":{"@id":"https:\/\/betlabel.games\/tr\/#website"},"datePublished":"2026-01-03T13:29:26+00:00","dateModified":"2026-04-30T15:53:39+00:00","description":"BetLabel casino oyunlar\u0131n\u0131 ke\u015ffedin \u2014 modern slotlar, pop\u00fcler crash oyunlar\u0131 ve an\u0131nda oynanabilen oyunlar. Kullan\u0131c\u0131 dostu aray\u00fcz, h\u0131zl\u0131 oyun ba\u015flatma ve PC'nizde veya ak\u0131ll\u0131 telefonunuzda rahat bir oyun deneyimi.","breadcrumb":{"@id":"https:\/\/betlabel.games\/tr\/casino-games\/#breadcrumb"},"inLanguage":"tr","potentialAction":[{"@type":"ReadAction","target":["https:\/\/betlabel.games\/tr\/casino-games\/"]}]},{"@type":"BreadcrumbList","@id":"https:\/\/betlabel.games\/tr\/casino-games\/#breadcrumb","itemListElement":[{"@type":"ListItem","position":1,"name":"Home","item":"https:\/\/betlabel.games\/tr\/"},{"@type":"ListItem","position":2,"name":"Kumarhane oyunlar\u0131"}]},{"@type":"WebSite","@id":"https:\/\/betlabel.games\/tr\/#website","url":"https:\/\/betlabel.games\/tr\/","name":"Betlabel tr","description":"My WordPress Blog","potentialAction":[{"@type":"SearchAction","target":{"@type":"EntryPoint","urlTemplate":"https:\/\/betlabel.games\/tr\/?s={search_term_string}"},"query-input":{"@type":"PropertyValueSpecification","valueRequired":true,"valueName":"search_term_string"}}],"inLanguage":"tr"}]}},"_links":{"self":[{"href":"https:\/\/betlabel.games\/tr\/wp-json\/wp\/v2\/pages\/834","targetHints":{"allow":["GET"]}}],"collection":[{"href":"https:\/\/betlabel.games\/tr\/wp-json\/wp\/v2\/pages"}],"about":[{"href":"https:\/\/betlabel.games\/tr\/wp-json\/wp\/v2\/types\/page"}],"author":[{"embeddable":true,"href":"https:\/\/betlabel.games\/tr\/wp-json\/wp\/v2\/users\/1"}],"replies":[{"embeddable":true,"href":"https:\/\/betlabel.games\/tr\/wp-json\/wp\/v2\/comments?post=834"}],"version-history":[{"count":5,"href":"https:\/\/betlabel.games\/tr\/wp-json\/wp\/v2\/pages\/834\/revisions"}],"predecessor-version":[{"id":1215,"href":"https:\/\/betlabel.games\/tr\/wp-json\/wp\/v2\/pages\/834\/revisions\/1215"}],"wp:attachment":[{"href":"https:\/\/betlabel.games\/tr\/wp-json\/wp\/v2\/media?parent=834"}],"curies":[{"name":"wp","href":"https:\/\/api.w.org\/{rel}","templated":true}]}}