{"id":420,"date":"2025-06-13T06:21:39","date_gmt":"2025-06-13T06:21:39","guid":{"rendered":"https:\/\/betlabel.games\/ve\/?page_id=420"},"modified":"2025-11-10T07:32:52","modified_gmt":"2025-11-10T07:32:52","slug":"first-deposit","status":"publish","type":"page","link":"https:\/\/betlabel.games\/ve\/bonuses\/first-deposit\/","title":{"rendered":"Primer dep\u00f3sito"},"content":{"rendered":"","protected":false},"excerpt":{"rendered":"","protected":false},"author":1,"featured_media":0,"parent":201,"menu_order":0,"comment_status":"closed","ping_status":"closed","template":"","meta":{"footnotes":""},"class_list":["post-420","page","type-page","status-publish","hentry"],"yoast_head":"<!-- This site is optimized with the Yoast SEO plugin v27.4 - https:\/\/yoast.com\/product\/yoast-seo-wordpress\/ -->\n<title>Consigue el 100 % en tu primer dep\u00f3sito en BetLabel | 8000 VEF<\/title>\n<meta name=\"description\" content=\"\u00a1No pierdas la oportunidad de obtener el 100 % en tu primer dep\u00f3sito en BetLabel! Reg\u00edstrate y obt\u00e9n hasta 8000 VEF para apuestas deportivas. Es f\u00e1cil, r\u00e1pido y rentable: \u00a1tu bonificaci\u00f3n ya te est\u00e1 esperando!\" \/>\n<meta name=\"robots\" content=\"index, follow, max-snippet:-1, max-image-preview:large, max-video-preview:-1\" \/>\n<meta property=\"og:locale\" content=\"es_ES\" \/>\n<meta property=\"og:type\" content=\"article\" \/>\n<meta property=\"og:title\" content=\"Consigue el 100 % en tu primer dep\u00f3sito en BetLabel | 8000 VEF\" \/>\n<meta property=\"og:description\" content=\"\u00a1No pierdas la oportunidad de obtener el 100 % en tu primer dep\u00f3sito en BetLabel! Reg\u00edstrate y obt\u00e9n hasta 8000 VEF para apuestas deportivas. Es f\u00e1cil, r\u00e1pido y rentable: \u00a1tu bonificaci\u00f3n ya te est\u00e1 esperando!\" \/>\n<meta property=\"og:url\" content=\"https:\/\/betlabel.games\/ve\/bonuses\/first-deposit\/\" \/>\n<meta property=\"og:site_name\" content=\"Betlabel Games ve\" \/>\n<meta property=\"article:modified_time\" content=\"2025-11-10T07:32:52+00:00\" \/>\n<meta name=\"twitter:card\" content=\"summary_large_image\" \/>\n<script type=\"application\/ld+json\" class=\"yoast-schema-graph\">{\"@context\":\"https:\\\/\\\/schema.org\",\"@graph\":[{\"@type\":\"WebPage\",\"@id\":\"https:\\\/\\\/betlabel.games\\\/ve\\\/bonuses\\\/first-deposit\\\/\",\"url\":\"https:\\\/\\\/betlabel.games\\\/ve\\\/bonuses\\\/first-deposit\\\/\",\"name\":\"Consigue el 100 % en tu primer dep\u00f3sito en BetLabel | 8000 VEF\",\"isPartOf\":{\"@id\":\"https:\\\/\\\/betlabel.games\\\/ve\\\/#website\"},\"datePublished\":\"2025-06-13T06:21:39+00:00\",\"dateModified\":\"2025-11-10T07:32:52+00:00\",\"description\":\"\u00a1No pierdas la oportunidad de obtener el 100 % en tu primer dep\u00f3sito en BetLabel! Reg\u00edstrate y obt\u00e9n hasta 8000 VEF para apuestas deportivas. Es f\u00e1cil, r\u00e1pido y rentable: \u00a1tu bonificaci\u00f3n ya te est\u00e1 esperando!\",\"breadcrumb\":{\"@id\":\"https:\\\/\\\/betlabel.games\\\/ve\\\/bonuses\\\/first-deposit\\\/#breadcrumb\"},\"inLanguage\":\"es\",\"potentialAction\":[{\"@type\":\"ReadAction\",\"target\":[\"https:\\\/\\\/betlabel.games\\\/ve\\\/bonuses\\\/first-deposit\\\/\"]}]},{\"@type\":\"BreadcrumbList\",\"@id\":\"https:\\\/\\\/betlabel.games\\\/ve\\\/bonuses\\\/first-deposit\\\/#breadcrumb\",\"itemListElement\":[{\"@type\":\"ListItem\",\"position\":1,\"name\":\"Home\",\"item\":\"https:\\\/\\\/betlabel.games\\\/ve\\\/\"},{\"@type\":\"ListItem\",\"position\":2,\"name\":\"Bonificaciones\",\"item\":\"https:\\\/\\\/betlabel.games\\\/ve\\\/bonuses\\\/\"},{\"@type\":\"ListItem\",\"position\":3,\"name\":\"Primer dep\u00f3sito\"}]},{\"@type\":\"WebSite\",\"@id\":\"https:\\\/\\\/betlabel.games\\\/ve\\\/#website\",\"url\":\"https:\\\/\\\/betlabel.games\\\/ve\\\/\",\"name\":\"Betlabel Games ve\",\"description\":\"My WordPress Blog\",\"potentialAction\":[{\"@type\":\"SearchAction\",\"target\":{\"@type\":\"EntryPoint\",\"urlTemplate\":\"https:\\\/\\\/betlabel.games\\\/ve\\\/?s={search_term_string}\"},\"query-input\":{\"@type\":\"PropertyValueSpecification\",\"valueRequired\":true,\"valueName\":\"search_term_string\"}}],\"inLanguage\":\"es\"}]}<\/script>\n<!-- \/ Yoast SEO plugin. -->","yoast_head_json":{"title":"Consigue el 100 % en tu primer dep\u00f3sito en BetLabel | 8000 VEF","description":"\u00a1No pierdas la oportunidad de obtener el 100 % en tu primer dep\u00f3sito en BetLabel! Reg\u00edstrate y obt\u00e9n hasta 8000 VEF para apuestas deportivas. Es f\u00e1cil, r\u00e1pido y rentable: \u00a1tu bonificaci\u00f3n ya te est\u00e1 esperando!","robots":{"index":"index","follow":"follow","max-snippet":"max-snippet:-1","max-image-preview":"max-image-preview:large","max-video-preview":"max-video-preview:-1"},"og_locale":"es_ES","og_type":"article","og_title":"Consigue el 100 % en tu primer dep\u00f3sito en BetLabel | 8000 VEF","og_description":"\u00a1No pierdas la oportunidad de obtener el 100 % en tu primer dep\u00f3sito en BetLabel! Reg\u00edstrate y obt\u00e9n hasta 8000 VEF para apuestas deportivas. Es f\u00e1cil, r\u00e1pido y rentable: \u00a1tu bonificaci\u00f3n ya te est\u00e1 esperando!","og_url":"https:\/\/betlabel.games\/ve\/bonuses\/first-deposit\/","og_site_name":"Betlabel Games ve","article_modified_time":"2025-11-10T07:32:52+00:00","twitter_card":"summary_large_image","schema":{"@context":"https:\/\/schema.org","@graph":[{"@type":"WebPage","@id":"https:\/\/betlabel.games\/ve\/bonuses\/first-deposit\/","url":"https:\/\/betlabel.games\/ve\/bonuses\/first-deposit\/","name":"Consigue el 100 % en tu primer dep\u00f3sito en BetLabel | 8000 VEF","isPartOf":{"@id":"https:\/\/betlabel.games\/ve\/#website"},"datePublished":"2025-06-13T06:21:39+00:00","dateModified":"2025-11-10T07:32:52+00:00","description":"\u00a1No pierdas la oportunidad de obtener el 100 % en tu primer dep\u00f3sito en BetLabel! Reg\u00edstrate y obt\u00e9n hasta 8000 VEF para apuestas deportivas. Es f\u00e1cil, r\u00e1pido y rentable: \u00a1tu bonificaci\u00f3n ya te est\u00e1 esperando!","breadcrumb":{"@id":"https:\/\/betlabel.games\/ve\/bonuses\/first-deposit\/#breadcrumb"},"inLanguage":"es","potentialAction":[{"@type":"ReadAction","target":["https:\/\/betlabel.games\/ve\/bonuses\/first-deposit\/"]}]},{"@type":"BreadcrumbList","@id":"https:\/\/betlabel.games\/ve\/bonuses\/first-deposit\/#breadcrumb","itemListElement":[{"@type":"ListItem","position":1,"name":"Home","item":"https:\/\/betlabel.games\/ve\/"},{"@type":"ListItem","position":2,"name":"Bonificaciones","item":"https:\/\/betlabel.games\/ve\/bonuses\/"},{"@type":"ListItem","position":3,"name":"Primer dep\u00f3sito"}]},{"@type":"WebSite","@id":"https:\/\/betlabel.games\/ve\/#website","url":"https:\/\/betlabel.games\/ve\/","name":"Betlabel Games ve","description":"My WordPress Blog","potentialAction":[{"@type":"SearchAction","target":{"@type":"EntryPoint","urlTemplate":"https:\/\/betlabel.games\/ve\/?s={search_term_string}"},"query-input":{"@type":"PropertyValueSpecification","valueRequired":true,"valueName":"search_term_string"}}],"inLanguage":"es"}]}},"_links":{"self":[{"href":"https:\/\/betlabel.games\/ve\/wp-json\/wp\/v2\/pages\/420","targetHints":{"allow":["GET"]}}],"collection":[{"href":"https:\/\/betlabel.games\/ve\/wp-json\/wp\/v2\/pages"}],"about":[{"href":"https:\/\/betlabel.games\/ve\/wp-json\/wp\/v2\/types\/page"}],"author":[{"embeddable":true,"href":"https:\/\/betlabel.games\/ve\/wp-json\/wp\/v2\/users\/1"}],"replies":[{"embeddable":true,"href":"https:\/\/betlabel.games\/ve\/wp-json\/wp\/v2\/comments?post=420"}],"version-history":[{"count":9,"href":"https:\/\/betlabel.games\/ve\/wp-json\/wp\/v2\/pages\/420\/revisions"}],"predecessor-version":[{"id":642,"href":"https:\/\/betlabel.games\/ve\/wp-json\/wp\/v2\/pages\/420\/revisions\/642"}],"up":[{"embeddable":true,"href":"https:\/\/betlabel.games\/ve\/wp-json\/wp\/v2\/pages\/201"}],"wp:attachment":[{"href":"https:\/\/betlabel.games\/ve\/wp-json\/wp\/v2\/media?parent=420"}],"curies":[{"name":"wp","href":"https:\/\/api.w.org\/{rel}","templated":true}]}}